{"id":9235,"date":"2022-08-11T18:17:33","date_gmt":"2022-08-11T18:17:33","guid":{"rendered":"https:\/\/moroccotoursoperator.com\/tour-da-agadir\/"},"modified":"2024-02-14T10:27:56","modified_gmt":"2024-02-14T10:27:56","slug":"tour-da-agadir","status":"publish","type":"page","link":"https:\/\/moroccotoursoperator.com\/it\/tour-da-agadir\/","title":{"rendered":"Tour da Agadir"},"content":{"rendered":"\t\t<div data-elementor-type=\"wp-page\" data-elementor-id=\"9235\" class=\"elementor elementor-9235 elementor-1723\" data-elementor-post-type=\"page\">\n\t\t\t\t\t\t<section class=\"elementor-section elementor-top-section elementor-element elementor-element-g70rrs1 elementor-section-height-min-height elementor-section-boxed elementor-section-height-default elementor-section-items-middle\" data-id=\"g70rrs1\" data-element_type=\"section\" data-e-type=\"section\" data-settings=\"{&quot;background_background&quot;:&quot;classic&quot;}\">\n\t\t\t\t\t\t\t<div class=\"elementor-background-overlay\"><\/div>\n\t\t\t\t\t\t\t<div class=\"elementor-container elementor-column-gap-default\">\n\t\t\t\t\t<div class=\"elementor-column elementor-col-100 elementor-top-column elementor-element elementor-element-09faee3\" data-id=\"09faee3\" data-element_type=\"column\" data-e-type=\"column\">\n\t\t\t<div class=\"elementor-widget-wrap elementor-element-populated\">\n\t\t\t\t\t\t<div class=\"elementor-element elementor-element-c7152a9 elementor-widget elementor-widget-heading\" data-id=\"c7152a9\" data-element_type=\"widget\" data-e-type=\"widget\" data-widget_type=\"heading.default\">\n\t\t\t\t<div class=\"elementor-widget-container\">\n\t\t\t\t\t<h2 class=\"elementor-heading-title elementor-size-default\">Tour da Agadir<\/h2>\t\t\t\t<\/div>\n\t\t\t\t<\/div>\n\t\t\t\t\t<\/div>\n\t\t<\/div>\n\t\t\t\t\t<\/div>\n\t\t<\/section>\n\t\t<div class=\"elementor-element elementor-element-bbf49f4 e-flex e-con-boxed e-con e-parent\" data-id=\"bbf49f4\" data-element_type=\"container\" data-e-type=\"container\">\n\t\t\t\t\t<div class=\"e-con-inner\">\n\t\t\t\t<div class=\"elementor-element elementor-element-028a6f0 elementor-widget elementor-widget-heading\" data-id=\"028a6f0\" data-element_type=\"widget\" data-e-type=\"widget\" data-widget_type=\"heading.default\">\n\t\t\t\t<div class=\"elementor-widget-container\">\n\t\t\t\t\t<h1 class=\"elementor-heading-title elementor-size-xl\">I tour da Agadir ti permettono di vivere la magia del Marocco.<\/h1>\t\t\t\t<\/div>\n\t\t\t\t<\/div>\n\t\t\t\t<div class=\"elementor-element elementor-element-add9626 elementor-widget elementor-widget-text-editor\" data-id=\"add9626\" data-element_type=\"widget\" data-e-type=\"widget\" data-widget_type=\"text-editor.default\">\n\t\t\t\t<div class=\"elementor-widget-container\">\n\t\t\t\t\t\t\t\t\t<p>Agadir \u00e8 una vivace citt\u00e0 costiera situata nella regione sud-occidentale del Marocco, nota per le sue bellissime spiagge, il sole tutto l&#8217;anno e la cultura diversificata. Capitale della regione di Souss-Massa, Agadir \u00e8 una popolare destinazione turistica con una ricca storia e una fiorente economia moderna. Con la sua miscela unica di influenze berbere, arabe e francesi, Agadir offre ai visitatori un&#8217;esperienza culturale davvero coinvolgente. Dall&#8217;esplorazione dei vivaci mercati e souk al godimento della cucina locale, non mancano le cose da vedere e da fare in questa dinamica citt\u00e0. Sia che tu stia cercando un <a href=\"https:\/\/moroccotoursoperator.com\/take-a-relaxing-health-vacation-in-morocco\/\">rilassante vacanza al mare<\/a> o un&#8217;emozionante avventura urbana, Agadir ha qualcosa da offrire per tutti.<\/p>\n\t\t\t\t\t\t\t\t<\/div>\n\t\t\t\t<\/div>\n\t\t\t\t\t<\/div>\n\t\t\t\t<\/div>\n\t\t<div class=\"elementor-element elementor-element-b9a60b4 e-flex e-con-boxed e-con e-parent\" data-id=\"b9a60b4\" data-element_type=\"container\" data-e-type=\"container\">\n\t\t\t\t\t<div class=\"e-con-inner\">\n\t\t\t\t<div class=\"elementor-element elementor-element-2f66846 elementor-alert-info elementor-widget elementor-widget-alert\" data-id=\"2f66846\" data-element_type=\"widget\" data-e-type=\"widget\" data-widget_type=\"alert.default\">\n\t\t\t\t<div class=\"elementor-widget-container\">\n\t\t\t\t\t\t\t<div class=\"elementor-alert\" role=\"alert\">\n\n\t\t\t\t\t\t<span class=\"elementor-alert-title\">Nota<\/span>\n\t\t\t\n\t\t\t\t\t\t<span class=\"elementor-alert-description\"><p>Tutti i nostri tour sono adattabili alle vostre esigenze e necessit\u00e0. Il costo \u00e8 determinato dalla categoria di alloggio (Standard o Superior). Mettiti in contatto con noi per ulteriori informazioni.<\/p>\n<\/span>\n\t\t\t\n\t\t\t\n\t\t<\/div>\n\t\t\t\t\t\t<\/div>\n\t\t\t\t<\/div>\n\t\t\t\t\t<\/div>\n\t\t\t\t<\/div>\n\t\t<div class=\"elementor-element elementor-element-a7d35ea e-flex e-con-boxed e-con e-parent\" data-id=\"a7d35ea\" data-element_type=\"container\" data-e-type=\"container\">\n\t\t\t\t\t<div class=\"e-con-inner\">\n\t\t\t\t<div class=\"elementor-element elementor-element-9dbd102 elementor-grid-3 elementor-grid-tablet-2 elementor-grid-mobile-1 elementor-widget elementor-widget-loop-grid\" data-id=\"9dbd102\" data-element_type=\"widget\" data-e-type=\"widget\" data-settings=\"{&quot;template_id&quot;:9532,&quot;_skin&quot;:&quot;post&quot;,&quot;columns&quot;:&quot;3&quot;,&quot;columns_tablet&quot;:&quot;2&quot;,&quot;columns_mobile&quot;:&quot;1&quot;,&quot;edit_handle_selector&quot;:&quot;[data-elementor-type=\\&quot;loop-item\\&quot;]&quot;,&quot;row_gap&quot;:{&quot;unit&quot;:&quot;px&quot;,&quot;size&quot;:&quot;&quot;,&quot;sizes&quot;:[]},&quot;row_gap_tablet&quot;:{&quot;unit&quot;:&quot;px&quot;,&quot;size&quot;:&quot;&quot;,&quot;sizes&quot;:[]},&quot;row_gap_mobile&quot;:{&quot;unit&quot;:&quot;px&quot;,&quot;size&quot;:&quot;&quot;,&quot;sizes&quot;:[]}}\" data-widget_type=\"loop-grid.post\">\n\t\t\t\t<div class=\"elementor-widget-container\">\n\t\t\t\t\t\t\t<div class=\"e-loop-nothing-found-message\">\n\t\t<\/div>\n\t\t\t\t\t\t<\/div>\n\t\t\t\t<\/div>\n\t\t\t\t\t<\/div>\n\t\t\t\t<\/div>\n\t\t<div class=\"elementor-element elementor-element-44c7d63 e-flex e-con-boxed e-con e-parent\" data-id=\"44c7d63\" data-element_type=\"container\" data-e-type=\"container\">\n\t\t\t\t\t<div class=\"e-con-inner\">\n\t\t\t\t<div class=\"elementor-element elementor-element-f7f308a elementor-widget elementor-widget-heading\" data-id=\"f7f308a\" data-element_type=\"widget\" data-e-type=\"widget\" data-widget_type=\"heading.default\">\n\t\t\t\t<div class=\"elementor-widget-container\">\n\t\t\t\t\t<h2 class=\"elementor-heading-title elementor-size-default\">Cosa \u00e8 tipicamente incluso in queste escursioni in Marocco con partenza da Agadir?<\/h2>\t\t\t\t<\/div>\n\t\t\t\t<\/div>\n\t\t\t\t<div class=\"elementor-element elementor-element-80a8934 elementor-widget elementor-widget-text-editor\" data-id=\"80a8934\" data-element_type=\"widget\" data-e-type=\"widget\" data-widget_type=\"text-editor.default\">\n\t\t\t\t<div class=\"elementor-widget-container\">\n\t\t\t\t\t\t\t\t\t<p>A seconda dell&#8217;opzione di viaggio selezionata, le nostre escursioni con partenza da Agadir includono. Di solito, la sistemazione scelta, sia essa standard o lussuosa, ha un effetto significativo.<\/p>\n\t\t\t\t\t\t\t\t<\/div>\n\t\t\t\t<\/div>\n\t\t\t\t<div class=\"elementor-element elementor-element-bbb520a elementor-icon-list--layout-traditional elementor-list-item-link-full_width elementor-widget elementor-widget-icon-list\" data-id=\"bbb520a\" data-element_type=\"widget\" data-e-type=\"widget\" data-widget_type=\"icon-list.default\">\n\t\t\t\t<div class=\"elementor-widget-container\">\n\t\t\t\t\t\t\t<ul class=\"elementor-icon-list-items\">\n\t\t\t\t\t\t\t<li class=\"elementor-icon-list-item\">\n\t\t\t\t\t\t\t\t\t\t\t<span class=\"elementor-icon-list-icon\">\n\t\t\t\t\t\t\t<i aria-hidden=\"true\" class=\"fas fa-check\"><\/i>\t\t\t\t\t\t<\/span>\n\t\t\t\t\t\t\t\t\t\t<span class=\"elementor-icon-list-text\">Autista\/guida esperto di lingua italiana.<\/span>\n\t\t\t\t\t\t\t\t\t<\/li>\n\t\t\t\t\t\t\t\t<li class=\"elementor-icon-list-item\">\n\t\t\t\t\t\t\t\t\t\t\t<span class=\"elementor-icon-list-icon\">\n\t\t\t\t\t\t\t<i aria-hidden=\"true\" class=\"fas fa-check\"><\/i>\t\t\t\t\t\t<\/span>\n\t\t\t\t\t\t\t\t\t\t<span class=\"elementor-icon-list-text\">Prelievo e rientro presso il tuo alloggio.<\/span>\n\t\t\t\t\t\t\t\t\t<\/li>\n\t\t\t\t\t\t\t\t<li class=\"elementor-icon-list-item\">\n\t\t\t\t\t\t\t\t\t\t\t<span class=\"elementor-icon-list-icon\">\n\t\t\t\t\t\t\t<i aria-hidden=\"true\" class=\"fas fa-check\"><\/i>\t\t\t\t\t\t<\/span>\n\t\t\t\t\t\t\t\t\t\t<span class=\"elementor-icon-list-text\">Trasporto privato confortevole.<\/span>\n\t\t\t\t\t\t\t\t\t<\/li>\n\t\t\t\t\t\t\t\t<li class=\"elementor-icon-list-item\">\n\t\t\t\t\t\t\t\t\t\t\t<span class=\"elementor-icon-list-icon\">\n\t\t\t\t\t\t\t<i aria-hidden=\"true\" class=\"fas fa-check\"><\/i>\t\t\t\t\t\t<\/span>\n\t\t\t\t\t\t\t\t\t\t<span class=\"elementor-icon-list-text\">Stanza privata negli alloggi (nella tipologia di camera preferita).<\/span>\n\t\t\t\t\t\t\t\t\t<\/li>\n\t\t\t\t\t\t\t\t<li class=\"elementor-icon-list-item\">\n\t\t\t\t\t\t\t\t\t\t\t<span class=\"elementor-icon-list-icon\">\n\t\t\t\t\t\t\t<i aria-hidden=\"true\" class=\"fas fa-check\"><\/i>\t\t\t\t\t\t<\/span>\n\t\t\t\t\t\t\t\t\t\t<span class=\"elementor-icon-list-text\">Tenda privata al Desert Camp (nel tipo di tenda che preferisci).<\/span>\n\t\t\t\t\t\t\t\t\t<\/li>\n\t\t\t\t\t\t\t\t<li class=\"elementor-icon-list-item\">\n\t\t\t\t\t\t\t\t\t\t\t<span class=\"elementor-icon-list-icon\">\n\t\t\t\t\t\t\t<i aria-hidden=\"true\" class=\"fas fa-check\"><\/i>\t\t\t\t\t\t<\/span>\n\t\t\t\t\t\t\t\t\t\t<span class=\"elementor-icon-list-text\">Giro in cammello (se il tour include il deserto).<\/span>\n\t\t\t\t\t\t\t\t\t<\/li>\n\t\t\t\t\t\t\t\t<li class=\"elementor-icon-list-item\">\n\t\t\t\t\t\t\t\t\t\t\t<span class=\"elementor-icon-list-icon\">\n\t\t\t\t\t\t\t<i aria-hidden=\"true\" class=\"fas fa-check\"><\/i>\t\t\t\t\t\t<\/span>\n\t\t\t\t\t\t\t\t\t\t<span class=\"elementor-icon-list-text\">Sandboard (se il tour include il deserto)<\/span>\n\t\t\t\t\t\t\t\t\t<\/li>\n\t\t\t\t\t\t\t\t<li class=\"elementor-icon-list-item\">\n\t\t\t\t\t\t\t\t\t\t\t<span class=\"elementor-icon-list-icon\">\n\t\t\t\t\t\t\t<i aria-hidden=\"true\" class=\"fas fa-check\"><\/i>\t\t\t\t\t\t<\/span>\n\t\t\t\t\t\t\t\t\t\t<span class=\"elementor-icon-list-text\">Carburante.<\/span>\n\t\t\t\t\t\t\t\t\t<\/li>\n\t\t\t\t\t\t\t\t<li class=\"elementor-icon-list-item\">\n\t\t\t\t\t\t\t\t\t\t\t<span class=\"elementor-icon-list-icon\">\n\t\t\t\t\t\t\t<i aria-hidden=\"true\" class=\"fas fa-check\"><\/i>\t\t\t\t\t\t<\/span>\n\t\t\t\t\t\t\t\t\t\t<span class=\"elementor-icon-list-text\">Cena e colazione sono solitamente incluse, tranne che in alcune citt\u00e0 imperiali per i grandi tour come Casablanca, Rabat e Chefchaouen.<\/span>\n\t\t\t\t\t\t\t\t\t<\/li>\n\t\t\t\t\t\t<\/ul>\n\t\t\t\t\t\t<\/div>\n\t\t\t\t<\/div>\n\t\t\t\t<div class=\"elementor-element elementor-element-d576d21 elementor-widget elementor-widget-heading\" data-id=\"d576d21\" data-element_type=\"widget\" data-e-type=\"widget\" data-widget_type=\"heading.default\">\n\t\t\t\t<div class=\"elementor-widget-container\">\n\t\t\t\t\t<h2 class=\"elementor-heading-title elementor-size-default\">Cosa devo portare con me per il mio pernottamento nel deserto?<\/h2>\t\t\t\t<\/div>\n\t\t\t\t<\/div>\n\t\t\t\t<div class=\"elementor-element elementor-element-532ee86 elementor-widget elementor-widget-text-editor\" data-id=\"532ee86\" data-element_type=\"widget\" data-e-type=\"widget\" data-widget_type=\"text-editor.default\">\n\t\t\t\t<div class=\"elementor-widget-container\">\n\t\t\t\t\t\t\t\t\t<p>Non sorprende che solo i tuoi beni essenziali. Non sono necessari sacchi a pelo. Veri materassi, cuscini e ampie coperte sono forniti sia nei camper normali che in quelli deluxe, oltre ad altri servizi.<\/p>\n<p>Si consiglia di indossare pantaloni lunghi, scarpe comode, occhiali da sole, un cappello (soprattutto d&#8217;estate), crema solare e un piccolo zainetto per trasportare le proprie cose.<\/p>\n\t\t\t\t\t\t\t\t<\/div>\n\t\t\t\t<\/div>\n\t\t\t\t<div class=\"elementor-element elementor-element-6a478e6 elementor-widget elementor-widget-heading\" data-id=\"6a478e6\" data-element_type=\"widget\" data-e-type=\"widget\" data-widget_type=\"heading.default\">\n\t\t\t\t<div class=\"elementor-widget-container\">\n\t\t\t\t\t<h2 class=\"elementor-heading-title elementor-size-default\">Cosa distingue i campi standard da quelli deluxe?<\/h2>\t\t\t\t<\/div>\n\t\t\t\t<\/div>\n\t\t\t\t<div class=\"elementor-element elementor-element-ff97fdc elementor-widget elementor-widget-text-editor\" data-id=\"ff97fdc\" data-element_type=\"widget\" data-e-type=\"widget\" data-widget_type=\"text-editor.default\">\n\t\t\t\t<div class=\"elementor-widget-container\">\n\t\t\t\t\t\t\t\t\t<p><span style=\"text-decoration: underline;\"><strong>Campo standard:<\/strong><\/span> Mentre le strutture e i servizi igienici sono separati e comuni, le tende sono private.<\/p>\n<p><span style=\"text-decoration: underline;\"><strong>Campo di lusso:<\/strong><\/span> Ogni tenda ha il proprio WC privato, bagno e acqua calda. Le tende sono private e un po&#8217; pi\u00f9 grandi. Sono inoltre disponibili una connessione WIFI e una posizione per caricare il telefono e la fotocamera.<\/p>\n\t\t\t\t\t\t\t\t<\/div>\n\t\t\t\t<\/div>\n\t\t\t\t<div class=\"elementor-element elementor-element-7f5f96c elementor-widget elementor-widget-heading\" data-id=\"7f5f96c\" data-element_type=\"widget\" data-e-type=\"widget\" data-widget_type=\"heading.default\">\n\t\t\t\t<div class=\"elementor-widget-container\">\n\t\t\t\t\t<h2 class=\"elementor-heading-title elementor-size-default\">Come si svolge la procedura di prenotazione?<\/h2>\t\t\t\t<\/div>\n\t\t\t\t<\/div>\n\t\t\t\t<div class=\"elementor-element elementor-element-3485aee elementor-widget elementor-widget-text-editor\" data-id=\"3485aee\" data-element_type=\"widget\" data-e-type=\"widget\" data-widget_type=\"text-editor.default\">\n\t\t\t\t<div class=\"elementor-widget-container\">\n\t\t\t\t\t\t\t\t\t<p>Prenotazione gratuita! In genere, per prenotare qualsiasi escursione \u00e8 richiesto un pagamento minimo tramite Paypal, Wise o bonifico bancario. Il saldo residuo dovr\u00e0 essere pagato in contanti all&#8217;autista o alla guida al momento del ritiro.<\/p>\n<p>Il pagamento del deposito \u00e8 gratuito e puoi utilizzare Wise o Paypal per risparmiare portando con te molti contanti pagando l&#8217;intero importo o solo una parte di esso.<\/p>\n<ul>\n<li>Per i pagamenti visitare la pagina seguente <span style=\"text-decoration: underline;\"><a href=\"https:\/\/moroccotoursoperator.com\/payment-and-cancellation-policies\/\">clicca qui<\/a><\/span>.<\/li>\n<\/ul>\n\t\t\t\t\t\t\t\t<\/div>\n\t\t\t\t<\/div>\n\t\t\t\t<div class=\"elementor-element elementor-element-95c5d32 elementor-widget elementor-widget-heading\" data-id=\"95c5d32\" data-element_type=\"widget\" data-e-type=\"widget\" data-widget_type=\"heading.default\">\n\t\t\t\t<div class=\"elementor-widget-container\">\n\t\t\t\t\t<h2 class=\"elementor-heading-title elementor-size-default\">Come gestisci le cancellazioni?<\/h2>\t\t\t\t<\/div>\n\t\t\t\t<\/div>\n\t\t\t\t<div class=\"elementor-element elementor-element-6eda2ff elementor-widget elementor-widget-text-editor\" data-id=\"6eda2ff\" data-element_type=\"widget\" data-e-type=\"widget\" data-widget_type=\"text-editor.default\">\n\t\t\t\t<div class=\"elementor-widget-container\">\n\t\t\t\t\t\t\t\t\t<p>Si prega di annullare almeno 15 giorni prima della data del viaggio per ottenere un rimborso completo. Il deposito non \u00e8 rimborsabile se annulli meno di 15 giorni prima del viaggio, tuttavia \u00e8 comunque utilizzabile se decidi di riprogrammare.<\/p>\n<ul>\n<li>Per maggiori informazioni sulla cancellazione, visita la pagina di <a href=\"https:\/\/moroccotoursoperator.com\/payment-and-cancellation-policies\/\"><span style=\"text-decoration: underline;\">cliccando qui<\/span><\/a>.<\/li>\n<\/ul>\n\t\t\t\t\t\t\t\t<\/div>\n\t\t\t\t<\/div>\n\t\t\t\t<div class=\"elementor-element elementor-element-557c76b elementor-widget elementor-widget-heading\" data-id=\"557c76b\" data-element_type=\"widget\" data-e-type=\"widget\" data-widget_type=\"heading.default\">\n\t\t\t\t<div class=\"elementor-widget-container\">\n\t\t\t\t\t<h2 class=\"elementor-heading-title elementor-size-default\">Ci sono altre attivit\u00e0 in Marocco?<\/h2>\t\t\t\t<\/div>\n\t\t\t\t<\/div>\n\t\t\t\t<div class=\"elementor-element elementor-element-74ac5f3 elementor-widget elementor-widget-text-editor\" data-id=\"74ac5f3\" data-element_type=\"widget\" data-e-type=\"widget\" data-widget_type=\"text-editor.default\">\n\t\t\t\t<div class=\"elementor-widget-container\">\n\t\t\t\t\t\t\t\t\t<p>La nostra agenzia di viaggi \u00e8 specializzata in escursioni giornaliere da Marrakech e in attivit\u00e0 a Marrakech e offre tour da varie localit\u00e0 del Marocco.<\/p>\n<p>Dalle seguenti citt\u00e0, forniamo tour in Marocco:<\/p>\n<ul>\n<li><span style=\"text-decoration: underline;\"><a href=\"https:\/\/moroccotoursoperator.com\/luxury-tours-from-ouarzazate\/\">Tour da Ouarzazate<\/a><\/span><\/li>\n<li><a href=\"https:\/\/moroccotoursoperator.com\/tours-from-marrakech\/\"><span style=\"text-decoration: underline;\">Tour da Marrakech<\/span><\/a><\/li>\n<li><a href=\"https:\/\/moroccotoursoperator.com\/tours-from-fes\/\"><span style=\"text-decoration: underline;\">Tour da Fes<\/span><\/a><\/li>\n<li><a href=\"https:\/\/moroccotoursoperator.com\/tours-from-casablanca\/\"><span style=\"text-decoration: underline;\">Tour da Casablanca<\/span><\/a><\/li>\n<li><span style=\"text-decoration: underline;\"><a href=\"https:\/\/moroccotoursoperator.com\/tours-from-tangier\/\">Tour da Tangeri<\/a><\/span><\/li>\n<\/ul>\n<p>Se sei a Marrakech o stai programmando un viaggio l\u00ec ma non sei sicuro di cosa fare, dai un&#8217;occhiata a queste pagine:<\/p>\n<ul>\n<li><span style=\"text-decoration: underline;\"><a href=\"https:\/\/moroccotoursoperator.com\/it\/tour-di-un-giorno-in-marocco\/\">Gite di un giorno a Marrakech<\/a><\/span><\/li>\n<li><span style=\"text-decoration: underline;\"><a href=\"https:\/\/moroccotoursoperator.com\/it\/vacanze-attivita-in-marocco\/\">Marrakech Attivit\u00e0 da fare<\/a><\/span><\/li>\n<\/ul>\n\t\t\t\t\t\t\t\t<\/div>\n\t\t\t\t<\/div>\n\t\t\t\t\t<\/div>\n\t\t\t\t<\/div>\n\t\t\t\t<\/div>\n\t\t","protected":false},"excerpt":{"rendered":"<p>Tour da Agadir I tour da Agadir ti permettono di vivere la magia del Marocco. Agadir \u00e8 una vivace citt\u00e0 costiera situata nella regione sud-occidentale del Marocco, nota per le sue bellissime spiagge, il sole tutto l&#8217;anno e la cultura diversificata. Capitale della regione di Souss-Massa, Agadir \u00e8 una popolare destinazione turistica con una ricca [&hellip;]<\/p>\n","protected":false},"author":1,"featured_media":8330,"parent":0,"menu_order":0,"comment_status":"closed","ping_status":"closed","template":"","meta":{"site-sidebar-layout":"no-sidebar","site-content-layout":"page-builder","ast-site-content-layout":"default","site-content-style":"default","site-sidebar-style":"default","ast-global-header-display":"","ast-banner-title-visibility":"","ast-main-header-display":"","ast-hfb-above-header-display":"","ast-hfb-below-header-display":"","ast-hfb-mobile-header-display":"","site-post-title":"disabled","ast-breadcrumbs-content":"","ast-featured-img":"disabled","footer-sml-layout":"","ast-disable-related-posts":"","theme-transparent-header-meta":"","adv-header-id-meta":"","stick-header-meta":"","header-above-stick-meta":"","header-main-stick-meta":"","header-below-stick-meta":"","astra-migrate-meta-layouts":"default","ast-page-background-enabled":"default","ast-page-background-meta":{"desktop":{"background-color":"var(--ast-global-color-4)","background-image":"","background-repeat":"repeat","background-position":"center center","background-size":"auto","background-attachment":"scroll","background-type":"","background-media":"","overlay-type":"","overlay-color":"","overlay-opacity":"","overlay-gradient":""},"tablet":{"background-color":"","background-image":"","background-repeat":"repeat","background-position":"center center","background-size":"auto","background-attachment":"scroll","background-type":"","background-media":"","overlay-type":"","overlay-color":"","overlay-opacity":"","overlay-gradient":""},"mobile":{"background-color":"","background-image":"","background-repeat":"repeat","background-position":"center center","background-size":"auto","background-attachment":"scroll","background-type":"","background-media":"","overlay-type":"","overlay-color":"","overlay-opacity":"","overlay-gradient":""}},"ast-content-background-meta":{"desktop":{"background-color":"var(--ast-global-color-5)","background-image":"","background-repeat":"repeat","background-position":"center center","background-size":"auto","background-attachment":"scroll","background-type":"","background-media":"","overlay-type":"","overlay-color":"","overlay-opacity":"","overlay-gradient":""},"tablet":{"background-color":"var(--ast-global-color-5)","background-image":"","background-repeat":"repeat","background-position":"center center","background-size":"auto","background-attachment":"scroll","background-type":"","background-media":"","overlay-type":"","overlay-color":"","overlay-opacity":"","overlay-gradient":""},"mobile":{"background-color":"var(--ast-global-color-5)","background-image":"","background-repeat":"repeat","background-position":"center center","background-size":"auto","background-attachment":"scroll","background-type":"","background-media":"","overlay-type":"","overlay-color":"","overlay-opacity":"","overlay-gradient":""}},"_joinchat":[],"footnotes":""},"class_list":["post-9235","page","type-page","status-publish","has-post-thumbnail","hentry"],"_links":{"self":[{"href":"https:\/\/moroccotoursoperator.com\/it\/wp-json\/wp\/v2\/pages\/9235","targetHints":{"allow":["GET"]}}],"collection":[{"href":"https:\/\/moroccotoursoperator.com\/it\/wp-json\/wp\/v2\/pages"}],"about":[{"href":"https:\/\/moroccotoursoperator.com\/it\/wp-json\/wp\/v2\/types\/page"}],"author":[{"embeddable":true,"href":"https:\/\/moroccotoursoperator.com\/it\/wp-json\/wp\/v2\/users\/1"}],"replies":[{"embeddable":true,"href":"https:\/\/moroccotoursoperator.com\/it\/wp-json\/wp\/v2\/comments?post=9235"}],"version-history":[{"count":0,"href":"https:\/\/moroccotoursoperator.com\/it\/wp-json\/wp\/v2\/pages\/9235\/revisions"}],"wp:featuredmedia":[{"embeddable":true,"href":"https:\/\/moroccotoursoperator.com\/it\/wp-json\/wp\/v2\/media\/8330"}],"wp:attachment":[{"href":"https:\/\/moroccotoursoperator.com\/it\/wp-json\/wp\/v2\/media?parent=9235"}],"curies":[{"name":"wp","href":"https:\/\/api.w.org\/{rel}","templated":true}]}}