{"id":9208,"date":"2022-08-07T22:58:37","date_gmt":"2022-08-07T22:58:37","guid":{"rendered":"https:\/\/moroccotoursoperator.com\/blog\/"},"modified":"2024-02-13T10:09:49","modified_gmt":"2024-02-13T10:09:49","slug":"marocco-notizie","status":"publish","type":"page","link":"https:\/\/moroccotoursoperator.com\/it\/marocco-notizie\/","title":{"rendered":"Blog"},"content":{"rendered":"\t\t<div data-elementor-type=\"wp-page\" data-elementor-id=\"9208\" class=\"elementor elementor-9208 elementor-1429\" data-elementor-post-type=\"page\">\n\t\t\t\t\t\t<section class=\"elementor-section elementor-top-section elementor-element elementor-element-9or8knm elementor-section-height-min-height elementor-section-boxed elementor-section-height-default elementor-section-items-middle\" data-id=\"9or8knm\" data-element_type=\"section\" data-e-type=\"section\" data-settings=\"{&quot;background_background&quot;:&quot;classic&quot;}\">\n\t\t\t\t\t\t\t<div class=\"elementor-background-overlay\"><\/div>\n\t\t\t\t\t\t\t<div class=\"elementor-container elementor-column-gap-default\">\n\t\t\t\t\t<div class=\"elementor-column elementor-col-100 elementor-top-column elementor-element elementor-element-09faee3\" data-id=\"09faee3\" data-element_type=\"column\" data-e-type=\"column\">\n\t\t\t<div class=\"elementor-widget-wrap elementor-element-populated\">\n\t\t\t\t\t\t<div class=\"elementor-element elementor-element-c7152a9 elementor-widget elementor-widget-heading\" data-id=\"c7152a9\" data-element_type=\"widget\" data-e-type=\"widget\" data-widget_type=\"heading.default\">\n\t\t\t\t<div class=\"elementor-widget-container\">\n\t\t\t\t\t<span class=\"elementor-heading-title elementor-size-default\">Il nostro blog<\/span>\t\t\t\t<\/div>\n\t\t\t\t<\/div>\n\t\t\t\t\t<\/div>\n\t\t<\/div>\n\t\t\t\t\t<\/div>\n\t\t<\/section>\n\t\t\t\t<section class=\"elementor-section elementor-top-section elementor-element elementor-element-2c04251 elementor-section-boxed elementor-section-height-default elementor-section-height-default\" data-id=\"2c04251\" data-element_type=\"section\" data-e-type=\"section\">\n\t\t\t\t\t\t<div class=\"elementor-container elementor-column-gap-default\">\n\t\t\t\t\t<div class=\"elementor-column elementor-col-100 elementor-top-column elementor-element elementor-element-0cf7133\" data-id=\"0cf7133\" data-element_type=\"column\" data-e-type=\"column\">\n\t\t\t<div class=\"elementor-widget-wrap elementor-element-populated\">\n\t\t\t\t\t\t<div class=\"elementor-element elementor-element-aad6aa6 elementor-widget elementor-widget-spacer\" data-id=\"aad6aa6\" data-element_type=\"widget\" data-e-type=\"widget\" data-widget_type=\"spacer.default\">\n\t\t\t\t<div class=\"elementor-widget-container\">\n\t\t\t\t\t\t\t<div class=\"elementor-spacer\">\n\t\t\t<div class=\"elementor-spacer-inner\"><\/div>\n\t\t<\/div>\n\t\t\t\t\t\t<\/div>\n\t\t\t\t<\/div>\n\t\t\t\t<div class=\"elementor-element elementor-element-5207e91 elementor-widget elementor-widget-heading\" data-id=\"5207e91\" data-element_type=\"widget\" data-e-type=\"widget\" data-widget_type=\"heading.default\">\n\t\t\t\t<div class=\"elementor-widget-container\">\n\t\t\t\t\t<h1 class=\"elementor-heading-title elementor-size-xl\">Puoi scoprire tutto quello che devi sapere sul Marocco nel nostro blog.<\/h1>\t\t\t\t<\/div>\n\t\t\t\t<\/div>\n\t\t\t\t<div class=\"elementor-element elementor-element-4122db5 elementor-widget elementor-widget-text-editor\" data-id=\"4122db5\" data-element_type=\"widget\" data-e-type=\"widget\" data-widget_type=\"text-editor.default\">\n\t\t\t\t<div class=\"elementor-widget-container\">\n\t\t\t\t\t\t\t\t\t<p>Poich\u00e9 il Marocco offre una variet\u00e0 di culture e lingue, abbiamo deciso di creare questo blog affinch\u00e9 tu possa ottenere le informazioni che desideri prima di organizzare il tuo viaggio l\u00ec.<\/p>\n\t\t\t\t\t\t\t\t<\/div>\n\t\t\t\t<\/div>\n\t\t\t\t\t<\/div>\n\t\t<\/div>\n\t\t\t\t\t<\/div>\n\t\t<\/section>\n\t\t\t\t<section class=\"elementor-section elementor-top-section elementor-element elementor-element-7717430 elementor-section-boxed elementor-section-height-default elementor-section-height-default\" data-id=\"7717430\" data-element_type=\"section\" data-e-type=\"section\">\n\t\t\t\t\t\t<div class=\"elementor-container elementor-column-gap-default\">\n\t\t\t\t\t<div class=\"elementor-column elementor-col-100 elementor-top-column elementor-element elementor-element-aa8db1f\" data-id=\"aa8db1f\" data-element_type=\"column\" data-e-type=\"column\">\n\t\t\t<div class=\"elementor-widget-wrap elementor-element-populated\">\n\t\t\t\t\t\t<div class=\"elementor-element elementor-element-7f681eb elementor-grid-3 elementor-grid-tablet-2 elementor-grid-mobile-1 elementor-widget elementor-widget-loop-grid\" data-id=\"7f681eb\" data-element_type=\"widget\" data-e-type=\"widget\" data-settings=\"{&quot;template_id&quot;:6200,&quot;pagination_type&quot;:&quot;numbers_and_prev_next&quot;,&quot;_skin&quot;:&quot;post&quot;,&quot;columns&quot;:&quot;3&quot;,&quot;columns_tablet&quot;:&quot;2&quot;,&quot;columns_mobile&quot;:&quot;1&quot;,&quot;edit_handle_selector&quot;:&quot;[data-elementor-type=\\&quot;loop-item\\&quot;]&quot;,&quot;pagination_load_type&quot;:&quot;page_reload&quot;,&quot;row_gap&quot;:{&quot;unit&quot;:&quot;px&quot;,&quot;size&quot;:&quot;&quot;,&quot;sizes&quot;:[]},&quot;row_gap_tablet&quot;:{&quot;unit&quot;:&quot;px&quot;,&quot;size&quot;:&quot;&quot;,&quot;sizes&quot;:[]},&quot;row_gap_mobile&quot;:{&quot;unit&quot;:&quot;px&quot;,&quot;size&quot;:&quot;&quot;,&quot;sizes&quot;:[]}}\" data-widget_type=\"loop-grid.post\">\n\t\t\t\t<div class=\"elementor-widget-container\">\n\t\t\t\t\t\t\t<div class=\"elementor-loop-container elementor-grid\" role=\"list\">\n\t\t<style id=\"loop-dynamic-6200\">.e-loop-item-9887 .elementor-element.elementor-element-41f5adab:not(.elementor-motion-effects-element-type-background), .e-loop-item-9887 .elementor-element.elementor-element-41f5adab > .elementor-motion-effects-container > .elementor-motion-effects-layer{background-image:url(\"https:\/\/moroccotoursoperator.com\/wp-content\/uploads\/2023\/03\/morocco-travel-and-leisure-jpg.webp\");}<\/style><style id=\"loop-6200\">.elementor-6200 .elementor-element.elementor-element-7591096f{--display:flex;--flex-direction:column;--container-widget-width:100%;--container-widget-height:initial;--container-widget-flex-grow:0;--container-widget-align-self:initial;--flex-wrap-mobile:wrap;--justify-content:space-between;border-style:solid;--border-style:solid;border-width:2px 2px 2px 2px;--border-top-width:2px;--border-right-width:2px;--border-bottom-width:2px;--border-left-width:2px;border-color:var( --e-global-color-astglobalcolor2 );--border-color:var( --e-global-color-astglobalcolor2 );--border-radius:5px 5px 5px 5px;--padding-top:0px;--padding-bottom:18px;--padding-left:0px;--padding-right:0px;}.elementor-6200 .elementor-element.elementor-element-41f5adab{--display:flex;--min-height:255px;}.elementor-6200 .elementor-element.elementor-element-41f5adab:not(.elementor-motion-effects-element-type-background), .elementor-6200 .elementor-element.elementor-element-41f5adab > .elementor-motion-effects-container > .elementor-motion-effects-layer{background-position:top center;background-size:cover;}.elementor-6200 .elementor-element.elementor-element-41f5adab.e-con{--align-self:flex-start;}.elementor-6200 .elementor-element.elementor-element-71c34390 .elementor-heading-title{text-transform:capitalize;}.elementor-6200 .elementor-element.elementor-element-71c34390 > .elementor-widget-container{margin:0px 18px 0px 18px;}.elementor-6200 .elementor-element.elementor-element-1cc0c17 > .elementor-widget-container{margin:0px 18px 0px 18px;}.elementor-6200 .elementor-element.elementor-element-5a2857a9 .elementor-button-content-wrapper{flex-direction:row-reverse;}.elementor-6200 .elementor-element.elementor-element-5a2857a9 > .elementor-widget-container{margin:0px 18px 0px 18px;}<\/style>\t\t<div data-elementor-type=\"loop-item\" data-elementor-id=\"6200\" class=\"elementor elementor-6200 e-loop-item e-loop-item-9887 post-9887 post type-post status-publish format-standard has-post-thumbnail hentry category-blog\" data-elementor-post-type=\"elementor_library\" data-custom-edit-handle=\"1\">\n\t\t\t<div class=\"elementor-element elementor-element-7591096f e-flex e-con-boxed e-con e-parent\" data-id=\"7591096f\" data-element_type=\"container\" data-e-type=\"container\">\n\t\t\t\t\t<div class=\"e-con-inner\">\n\t\t<div class=\"elementor-element elementor-element-41f5adab e-con-full e-flex e-con e-child\" data-id=\"41f5adab\" data-element_type=\"container\" data-e-type=\"container\" data-settings=\"{&quot;background_background&quot;:&quot;classic&quot;}\">\n\t\t\t\t<\/div>\n\t\t\t\t<div class=\"elementor-element elementor-element-71c34390 elementor-widget elementor-widget-heading\" data-id=\"71c34390\" data-element_type=\"widget\" data-e-type=\"widget\" data-widget_type=\"heading.default\">\n\t\t\t\t<div class=\"elementor-widget-container\">\n\t\t\t\t\t<h3 class=\"elementor-heading-title elementor-size-default\"><a href=\"https:\/\/moroccotoursoperator.com\/it\/il-meglio-delle-vacanze-in-marocco-i-consigli-degli-esperti\/\">Il meglio delle vacanze in Marocco: i consigli degli esperti!<\/a><\/h3>\t\t\t\t<\/div>\n\t\t\t\t<\/div>\n\t\t\t\t<div class=\"elementor-element elementor-element-1cc0c17 elementor-widget elementor-widget-theme-post-excerpt\" data-id=\"1cc0c17\" data-element_type=\"widget\" data-e-type=\"widget\" data-widget_type=\"theme-post-excerpt.default\">\n\t\t\t\t<div class=\"elementor-widget-container\">\n\t\t\t\t\t<p>introduzione Hai mai sognato di passeggiare tra i vivaci mercati pieni dei profumi delle spezie o di ammirare le infinite dune del Sahara? Il Marocco \u00e8 una terra di bellezza affascinante e paesaggi diversi, che offre un&#8217;esperienza come nessun&#8217;altra. Prenota\t\t\t\t<\/div>\n\t\t\t\t<\/div>\n\t\t\t\t<div class=\"elementor-element elementor-element-5a2857a9 elementor-align-left elementor-widget elementor-widget-button\" data-id=\"5a2857a9\" data-element_type=\"widget\" data-e-type=\"widget\" data-widget_type=\"button.default\">\n\t\t\t\t<div class=\"elementor-widget-container\">\n\t\t\t\t\t\t\t\t\t<div class=\"elementor-button-wrapper\">\n\t\t\t\t\t<a class=\"elementor-button elementor-button-link elementor-size-sm\" href=\"https:\/\/moroccotoursoperator.com\/it\/il-meglio-delle-vacanze-in-marocco-i-consigli-degli-esperti\/\">\n\t\t\t\t\t\t<span class=\"elementor-button-content-wrapper\">\n\t\t\t\t\t\t<span class=\"elementor-button-icon\">\n\t\t\t\t<i aria-hidden=\"true\" class=\"fas fa-arrow-circle-right\"><\/i>\t\t\t<\/span>\n\t\t\t\t\t\t\t\t\t<span class=\"elementor-button-text\">Read on for Details<\/span>\n\t\t\t\t\t<\/span>\n\t\t\t\t\t<\/a>\n\t\t\t\t<\/div>\n\t\t\t\t\t\t\t\t<\/div>\n\t\t\t\t<\/div>\n\t\t\t\t\t<\/div>\n\t\t\t\t<\/div>\n\t\t\t\t<\/div>\n\t\t<style id=\"loop-dynamic-6200\">.e-loop-item-9897 .elementor-element.elementor-element-41f5adab:not(.elementor-motion-effects-element-type-background), .e-loop-item-9897 .elementor-element.elementor-element-41f5adab > .elementor-motion-effects-container > .elementor-motion-effects-layer{background-image:url(\"https:\/\/moroccotoursoperator.com\/wp-content\/uploads\/2023\/12\/5-days-tour-from-Tangier.webp\");}<\/style>\t\t<div data-elementor-type=\"loop-item\" data-elementor-id=\"6200\" class=\"elementor elementor-6200 e-loop-item e-loop-item-9897 post-9897 post type-post status-publish format-standard has-post-thumbnail hentry category-blog\" data-elementor-post-type=\"elementor_library\" data-custom-edit-handle=\"1\">\n\t\t\t<div class=\"elementor-element elementor-element-7591096f e-flex e-con-boxed e-con e-parent\" data-id=\"7591096f\" data-element_type=\"container\" data-e-type=\"container\">\n\t\t\t\t\t<div class=\"e-con-inner\">\n\t\t<div class=\"elementor-element elementor-element-41f5adab e-con-full e-flex e-con e-child\" data-id=\"41f5adab\" data-element_type=\"container\" data-e-type=\"container\" data-settings=\"{&quot;background_background&quot;:&quot;classic&quot;}\">\n\t\t\t\t<\/div>\n\t\t\t\t<div class=\"elementor-element elementor-element-71c34390 elementor-widget elementor-widget-heading\" data-id=\"71c34390\" data-element_type=\"widget\" data-e-type=\"widget\" data-widget_type=\"heading.default\">\n\t\t\t\t<div class=\"elementor-widget-container\">\n\t\t\t\t\t<h3 class=\"elementor-heading-title elementor-size-default\"><a href=\"https:\/\/moroccotoursoperator.com\/it\/tour-marocco-egitto-e-giordania-i-consigli-degli-esperti\/\">Tour Marocco Egitto e Giordania: i consigli degli esperti!<\/a><\/h3>\t\t\t\t<\/div>\n\t\t\t\t<\/div>\n\t\t\t\t<div class=\"elementor-element elementor-element-1cc0c17 elementor-widget elementor-widget-theme-post-excerpt\" data-id=\"1cc0c17\" data-element_type=\"widget\" data-e-type=\"widget\" data-widget_type=\"theme-post-excerpt.default\">\n\t\t\t\t<div class=\"elementor-widget-container\">\n\t\t\t\t\t<p>Hai mai sognato di vagare per antiche citt\u00e0, dove le sabbie del tempo sussurrano storie di epoche passate? Immagina di immergerti nel vibrante arazzo di culture che \u00e8 il cuore e l&#8217;anima del Marocco, dell&#8217;Egitto e della Giordania. Prenota un\t\t\t\t<\/div>\n\t\t\t\t<\/div>\n\t\t\t\t<div class=\"elementor-element elementor-element-5a2857a9 elementor-align-left elementor-widget elementor-widget-button\" data-id=\"5a2857a9\" data-element_type=\"widget\" data-e-type=\"widget\" data-widget_type=\"button.default\">\n\t\t\t\t<div class=\"elementor-widget-container\">\n\t\t\t\t\t\t\t\t\t<div class=\"elementor-button-wrapper\">\n\t\t\t\t\t<a class=\"elementor-button elementor-button-link elementor-size-sm\" href=\"https:\/\/moroccotoursoperator.com\/it\/tour-marocco-egitto-e-giordania-i-consigli-degli-esperti\/\">\n\t\t\t\t\t\t<span class=\"elementor-button-content-wrapper\">\n\t\t\t\t\t\t<span class=\"elementor-button-icon\">\n\t\t\t\t<i aria-hidden=\"true\" class=\"fas fa-arrow-circle-right\"><\/i>\t\t\t<\/span>\n\t\t\t\t\t\t\t\t\t<span class=\"elementor-button-text\">Read on for Details<\/span>\n\t\t\t\t\t<\/span>\n\t\t\t\t\t<\/a>\n\t\t\t\t<\/div>\n\t\t\t\t\t\t\t\t<\/div>\n\t\t\t\t<\/div>\n\t\t\t\t\t<\/div>\n\t\t\t\t<\/div>\n\t\t\t\t<\/div>\n\t\t<style id=\"loop-dynamic-6200\">.e-loop-item-9913 .elementor-element.elementor-element-41f5adab:not(.elementor-motion-effects-element-type-background), .e-loop-item-9913 .elementor-element.elementor-element-41f5adab > .elementor-motion-effects-container > .elementor-motion-effects-layer{background-image:url(\"https:\/\/moroccotoursoperator.com\/wp-content\/uploads\/2023\/03\/marrakech-desert-tours-jpg.webp\");}<\/style>\t\t<div data-elementor-type=\"loop-item\" data-elementor-id=\"6200\" class=\"elementor elementor-6200 e-loop-item e-loop-item-9913 post-9913 post type-post status-publish format-standard has-post-thumbnail hentry category-blog\" data-elementor-post-type=\"elementor_library\" data-custom-edit-handle=\"1\">\n\t\t\t<div class=\"elementor-element elementor-element-7591096f e-flex e-con-boxed e-con e-parent\" data-id=\"7591096f\" data-element_type=\"container\" data-e-type=\"container\">\n\t\t\t\t\t<div class=\"e-con-inner\">\n\t\t<div class=\"elementor-element elementor-element-41f5adab e-con-full e-flex e-con e-child\" data-id=\"41f5adab\" data-element_type=\"container\" data-e-type=\"container\" data-settings=\"{&quot;background_background&quot;:&quot;classic&quot;}\">\n\t\t\t\t<\/div>\n\t\t\t\t<div class=\"elementor-element elementor-element-71c34390 elementor-widget elementor-widget-heading\" data-id=\"71c34390\" data-element_type=\"widget\" data-e-type=\"widget\" data-widget_type=\"heading.default\">\n\t\t\t\t<div class=\"elementor-widget-container\">\n\t\t\t\t\t<h3 class=\"elementor-heading-title elementor-size-default\"><a href=\"https:\/\/moroccotoursoperator.com\/it\/viaggio-di-fine-settimana-in-marocco-la-tua-guida-definitiva\/\">Viaggio di fine settimana in Marocco: la tua guida definitiva!<\/a><\/h3>\t\t\t\t<\/div>\n\t\t\t\t<\/div>\n\t\t\t\t<div class=\"elementor-element elementor-element-1cc0c17 elementor-widget elementor-widget-theme-post-excerpt\" data-id=\"1cc0c17\" data-element_type=\"widget\" data-e-type=\"widget\" data-widget_type=\"theme-post-excerpt.default\">\n\t\t\t\t<div class=\"elementor-widget-container\">\n\t\t\t\t\t<p>introduzione Ehi, appassionati di voglia di viaggiare! Stai pensando a una fuga veloce che unisca cultura, avventura e paesaggi mozzafiato? Non cercare oltre un viaggio di fine settimana in Marocco! Questo gioiello nordafricano offre un caleidoscopio di esperienze che ti\t\t\t\t<\/div>\n\t\t\t\t<\/div>\n\t\t\t\t<div class=\"elementor-element elementor-element-5a2857a9 elementor-align-left elementor-widget elementor-widget-button\" data-id=\"5a2857a9\" data-element_type=\"widget\" data-e-type=\"widget\" data-widget_type=\"button.default\">\n\t\t\t\t<div class=\"elementor-widget-container\">\n\t\t\t\t\t\t\t\t\t<div class=\"elementor-button-wrapper\">\n\t\t\t\t\t<a class=\"elementor-button elementor-button-link elementor-size-sm\" href=\"https:\/\/moroccotoursoperator.com\/it\/viaggio-di-fine-settimana-in-marocco-la-tua-guida-definitiva\/\">\n\t\t\t\t\t\t<span class=\"elementor-button-content-wrapper\">\n\t\t\t\t\t\t<span class=\"elementor-button-icon\">\n\t\t\t\t<i aria-hidden=\"true\" class=\"fas fa-arrow-circle-right\"><\/i>\t\t\t<\/span>\n\t\t\t\t\t\t\t\t\t<span class=\"elementor-button-text\">Read on for Details<\/span>\n\t\t\t\t\t<\/span>\n\t\t\t\t\t<\/a>\n\t\t\t\t<\/div>\n\t\t\t\t\t\t\t\t<\/div>\n\t\t\t\t<\/div>\n\t\t\t\t\t<\/div>\n\t\t\t\t<\/div>\n\t\t\t\t<\/div>\n\t\t\t\t<\/div>\n\t\t\n\t\t\t\t\t\t<\/div>\n\t\t\t\t<\/div>\n\t\t\t\t\t<\/div>\n\t\t<\/div>\n\t\t\t\t\t<\/div>\n\t\t<\/section>\n\t\t\t\t<\/div>\n\t\t","protected":false},"excerpt":{"rendered":"<p>Il nostro blog Puoi scoprire tutto quello che devi sapere sul Marocco nel nostro blog. Poich\u00e9 il Marocco offre una variet\u00e0 di culture e lingue, abbiamo deciso di creare questo blog affinch\u00e9 tu possa ottenere le informazioni che desideri prima di organizzare il tuo viaggio l\u00ec.<\/p>\n","protected":false},"author":1,"featured_media":0,"parent":0,"menu_order":0,"comment_status":"closed","ping_status":"closed","template":"","meta":{"site-sidebar-layout":"no-sidebar","site-content-layout":"page-builder","ast-site-content-layout":"default","site-content-style":"default","site-sidebar-style":"default","ast-global-header-display":"","ast-banner-title-visibility":"","ast-main-header-display":"","ast-hfb-above-header-display":"","ast-hfb-below-header-display":"","ast-hfb-mobile-header-display":"","site-post-title":"disabled","ast-breadcrumbs-content":"","ast-featured-img":"disabled","footer-sml-layout":"","ast-disable-related-posts":"","theme-transparent-header-meta":"","adv-header-id-meta":"","stick-header-meta":"","header-above-stick-meta":"","header-main-stick-meta":"","header-below-stick-meta":"","astra-migrate-meta-layouts":"default","ast-page-background-enabled":"default","ast-page-background-meta":{"desktop":{"background-color":"var(--ast-global-color-4)","background-image":"","background-repeat":"repeat","background-position":"center center","background-size":"auto","background-attachment":"scroll","background-type":"","background-media":"","overlay-type":"","overlay-color":"","overlay-opacity":"","overlay-gradient":""},"tablet":{"background-color":"","background-image":"","background-repeat":"repeat","background-position":"center center","background-size":"auto","background-attachment":"scroll","background-type":"","background-media":"","overlay-type":"","overlay-color":"","overlay-opacity":"","overlay-gradient":""},"mobile":{"background-color":"","background-image":"","background-repeat":"repeat","background-position":"center center","background-size":"auto","background-attachment":"scroll","background-type":"","background-media":"","overlay-type":"","overlay-color":"","overlay-opacity":"","overlay-gradient":""}},"ast-content-background-meta":{"desktop":{"background-color":"var(--ast-global-color-5)","background-image":"","background-repeat":"repeat","background-position":"center center","background-size":"auto","background-attachment":"scroll","background-type":"","background-media":"","overlay-type":"","overlay-color":"","overlay-opacity":"","overlay-gradient":""},"tablet":{"background-color":"var(--ast-global-color-5)","background-image":"","background-repeat":"repeat","background-position":"center center","background-size":"auto","background-attachment":"scroll","background-type":"","background-media":"","overlay-type":"","overlay-color":"","overlay-opacity":"","overlay-gradient":""},"mobile":{"background-color":"var(--ast-global-color-5)","background-image":"","background-repeat":"repeat","background-position":"center center","background-size":"auto","background-attachment":"scroll","background-type":"","background-media":"","overlay-type":"","overlay-color":"","overlay-opacity":"","overlay-gradient":""}},"_joinchat":[],"footnotes":""},"class_list":["post-9208","page","type-page","status-publish","hentry"],"_links":{"self":[{"href":"https:\/\/moroccotoursoperator.com\/it\/wp-json\/wp\/v2\/pages\/9208","targetHints":{"allow":["GET"]}}],"collection":[{"href":"https:\/\/moroccotoursoperator.com\/it\/wp-json\/wp\/v2\/pages"}],"about":[{"href":"https:\/\/moroccotoursoperator.com\/it\/wp-json\/wp\/v2\/types\/page"}],"author":[{"embeddable":true,"href":"https:\/\/moroccotoursoperator.com\/it\/wp-json\/wp\/v2\/users\/1"}],"replies":[{"embeddable":true,"href":"https:\/\/moroccotoursoperator.com\/it\/wp-json\/wp\/v2\/comments?post=9208"}],"version-history":[{"count":0,"href":"https:\/\/moroccotoursoperator.com\/it\/wp-json\/wp\/v2\/pages\/9208\/revisions"}],"wp:attachment":[{"href":"https:\/\/moroccotoursoperator.com\/it\/wp-json\/wp\/v2\/media?parent=9208"}],"curies":[{"name":"wp","href":"https:\/\/api.w.org\/{rel}","templated":true}]}}