{"id":9372,"date":"2022-12-17T09:27:17","date_gmt":"2022-12-17T09:27:17","guid":{"rendered":"https:\/\/moroccotoursoperator.com\/termes-et-conditions\/"},"modified":"2024-02-17T16:35:02","modified_gmt":"2024-02-17T16:35:02","slug":"termes-et-conditions","status":"publish","type":"page","link":"https:\/\/moroccotoursoperator.com\/fr\/termes-et-conditions\/","title":{"rendered":"Termes et Conditions"},"content":{"rendered":"\t\t<div data-elementor-type=\"wp-page\" data-elementor-id=\"9372\" class=\"elementor elementor-9372 elementor-2798\" data-elementor-post-type=\"page\">\n\t\t\t\t\t\t<section class=\"elementor-section elementor-top-section elementor-element elementor-element-41d8bf15 elementor-section-height-min-height elementor-section-boxed elementor-section-height-default elementor-section-items-middle\" data-id=\"41d8bf15\" data-element_type=\"section\" data-e-type=\"section\" data-settings=\"{&quot;background_background&quot;:&quot;classic&quot;}\">\n\t\t\t\t\t\t\t<div class=\"elementor-background-overlay\"><\/div>\n\t\t\t\t\t\t\t<div class=\"elementor-container elementor-column-gap-default\">\n\t\t\t\t\t<div class=\"elementor-column elementor-col-100 elementor-top-column elementor-element elementor-element-7f4f4eea\" data-id=\"7f4f4eea\" data-element_type=\"column\" data-e-type=\"column\">\n\t\t\t<div class=\"elementor-widget-wrap elementor-element-populated\">\n\t\t\t\t\t\t<div class=\"elementor-element elementor-element-3128c02d elementor-widget elementor-widget-heading\" data-id=\"3128c02d\" data-element_type=\"widget\" data-e-type=\"widget\" data-widget_type=\"heading.default\">\n\t\t\t\t<div class=\"elementor-widget-container\">\n\t\t\t\t\t<h1 class=\"elementor-heading-title elementor-size-default\">Termes et Conditions<\/h1>\t\t\t\t<\/div>\n\t\t\t\t<\/div>\n\t\t\t\t\t<\/div>\n\t\t<\/div>\n\t\t\t\t\t<\/div>\n\t\t<\/section>\n\t\t\t\t<section class=\"elementor-section elementor-top-section elementor-element elementor-element-374a5059 elementor-section-boxed elementor-section-height-default elementor-section-height-default\" data-id=\"374a5059\" data-element_type=\"section\" data-e-type=\"section\">\n\t\t\t\t\t\t<div class=\"elementor-container elementor-column-gap-default\">\n\t\t\t\t\t<div class=\"elementor-column elementor-col-100 elementor-top-column elementor-element elementor-element-61c543aa\" data-id=\"61c543aa\" data-element_type=\"column\" data-e-type=\"column\">\n\t\t\t<div class=\"elementor-widget-wrap elementor-element-populated\">\n\t\t\t\t\t\t<div class=\"elementor-element elementor-element-1d9ca11 elementor-widget elementor-widget-text-editor\" data-id=\"1d9ca11\" data-element_type=\"widget\" data-e-type=\"widget\" data-widget_type=\"text-editor.default\">\n\t\t\t\t<div class=\"elementor-widget-container\">\n\t\t\t\t\t\t\t\t\t<h2><strong>Termes et Conditions<\/strong><\/h2>\n<p>Bienvenue chez Morocco Tours Operator !<\/p>\n<p>Les pr\u00e9sentes conditions g\u00e9n\u00e9rales d\u00e9crivent les r\u00e8gles et r\u00e9glementations d&rsquo;utilisation du site Web de Morocco Tours Operator, situ\u00e9 \u00e0 l&rsquo;adresse https:\/\/moroccotoursoperator.com\/.<\/p>\n<p>En acc\u00e9dant \u00e0 ce site Web, nous supposons que vous acceptez ces termes et conditions. Ne continuez pas \u00e0 utiliser Morocco Tours Operator si vous n&rsquo;acceptez pas tous les termes et conditions \u00e9nonc\u00e9s sur cette page.<\/p>\n<p>La terminologie suivante s&rsquo;applique aux pr\u00e9sentes conditions g\u00e9n\u00e9rales, \u00e0 la d\u00e9claration de confidentialit\u00e9 et \u00e0 l&rsquo;avis de non-responsabilit\u00e9 ainsi qu&rsquo;\u00e0 tous les accords : \u00ab Client \u00bb, \u00ab vous \u00bb et \u00ab votre \u00bb font r\u00e9f\u00e9rence \u00e0 vous, la personne connect\u00e9e \u00e0 ce site Web et conforme aux termes et conditions de la soci\u00e9t\u00e9. \u00ab La Soci\u00e9t\u00e9 \u00bb, \u00ab Nous-m\u00eames \u00bb, \u00ab Nous \u00bb, \u00ab Notre \u00bb et \u00ab Notre \u00bb font r\u00e9f\u00e9rence \u00e0 notre Soci\u00e9t\u00e9. \u00ab Partie \u00bb, \u00ab Parties \u00bb ou \u00ab Nous \u00bb d\u00e9signe \u00e0 la fois le Client et nous-m\u00eames. Tous les termes font r\u00e9f\u00e9rence \u00e0 l&rsquo;offre, \u00e0 l&rsquo;acceptation et \u00e0 la prise en compte du paiement n\u00e9cessaire pour entreprendre le processus de notre assistance au Client de la mani\u00e8re la plus appropri\u00e9e dans le but expr\u00e8s de r\u00e9pondre aux besoins du Client en ce qui concerne la fourniture des services d\u00e9clar\u00e9s de la Soci\u00e9t\u00e9, conform\u00e9ment \u00e0 et sous r\u00e9serve de la loi en vigueur aux Pays-Bas. Toute utilisation de la terminologie ci-dessus ou d&rsquo;autres mots au singulier, au pluriel, en majuscules et\/ou il\/elle ou eux, est consid\u00e9r\u00e9e comme interchangeable et donc comme faisant r\u00e9f\u00e9rence \u00e0 celle-ci.<\/p>\n<h3> <\/h3>\n<h3><strong>Biscuits<\/strong><\/h3>\n<p>Nous utilisons des cookies. En acc\u00e9dant \u00e0 Morocco Tours Operator, vous avez accept\u00e9 d&rsquo;utiliser des cookies en accord avec la politique de confidentialit\u00e9 de Morocco Tours Operator.<\/p>\n<p>La plupart des sites Web interactifs utilisent des cookies pour nous permettre de r\u00e9cup\u00e9rer les d\u00e9tails de l&rsquo;utilisateur \u00e0 chaque visite. Les cookies sont utilis\u00e9s par notre site Web pour activer la fonctionnalit\u00e9 de certaines zones afin de faciliter la t\u00e2che des personnes visitant notre site Web. Certains de nos partenaires affili\u00e9s\/publicitaires peuvent \u00e9galement utiliser des cookies.<\/p>\n<h3> <\/h3>\n<h3><strong>Licence<\/strong><\/h3>\n<p>Sauf indication contraire, Morocco Tours Operator et\/ou ses conc\u00e9dants de licence d\u00e9tiennent les droits de propri\u00e9t\u00e9 intellectuelle sur tout le mat\u00e9riel pr\u00e9sent\u00e9 sur Morocco Tours Operator. Tous les droits de propri\u00e9t\u00e9 intellectuelle sont r\u00e9serv\u00e9s. Vous pouvez y acc\u00e9der aupr\u00e8s de Morocco Tours Operator pour votre usage personnel, sous r\u00e9serve des restrictions d\u00e9finies dans les pr\u00e9sentes conditions g\u00e9n\u00e9rales.<\/p>\n<p>Il ne faut pas:<\/p>\n<ul>\n<li>Republier le mat\u00e9riel du Maroc Tours Operator<\/li>\n<li>Vendre, louer ou sous-licencier du mat\u00e9riel de Morocco Tours Operator<\/li>\n<li>Reproduire, dupliquer ou copier du mat\u00e9riel de Morocco Tours Operator<\/li>\n<li>Redistribuer le contenu du Maroc Tours Operator<\/li>\n<\/ul>\n<p>Le pr\u00e9sent Accord entrera en vigueur \u00e0 la date des pr\u00e9sentes.<\/p>\n<p>Certaines parties de ce site Web offrent aux utilisateurs la possibilit\u00e9 de publier et d&rsquo;\u00e9changer des opinions et des informations dans certaines zones du site Web. Morocco Tours Operator ne filtre pas, ne modifie pas, ne publie pas et ne r\u00e9vise pas les commentaires avant leur pr\u00e9sence sur le site Web. Les commentaires ne refl\u00e8tent pas les points de vue et opinions de Morocco Tours Operator, de ses agents et\/ou affili\u00e9s. Les commentaires refl\u00e8tent les points de vue et les opinions de la personne qui publie ses points de vue et ses opinions. Dans la mesure permise par les lois applicables, Morocco Tours Operator ne sera pas responsable des Commentaires ou de toute responsabilit\u00e9, dommages ou d\u00e9penses caus\u00e9s et\/ou subis \u00e0 la suite de toute utilisation et\/ou publication et\/ou apparition des Commentaires. sur ce site.<\/p>\n<p>Morocco Tours Operator se r\u00e9serve le droit de surveiller tous les commentaires et de supprimer tout commentaire qui peut \u00eatre consid\u00e9r\u00e9 comme inappropri\u00e9, offensant ou entra\u00eenant une violation des pr\u00e9sentes conditions g\u00e9n\u00e9rales.<\/p>\n<p>Vous garantissez et d\u00e9clarez que :<\/p>\n<ul>\n<li>Vous avez le droit de publier les commentaires sur notre site Web et disposez de toutes les licences et consentements n\u00e9cessaires pour le faire ;<\/li>\n<li>Les commentaires n&#8217;empi\u00e8tent sur aucun droit de propri\u00e9t\u00e9 intellectuelle, y compris, sans limitation, les droits d&rsquo;auteur, les brevets ou les marques d\u00e9pos\u00e9es de tiers ;<\/li>\n<li>Les commentaires ne contiennent aucun \u00e9l\u00e9ment diffamatoire, offensant, ind\u00e9cent ou autrement ill\u00e9gal constituant une atteinte \u00e0 la vie priv\u00e9e.<\/li>\n<li>Les Commentaires ne seront pas utilis\u00e9s pour solliciter ou promouvoir des affaires ou des activit\u00e9s personnalis\u00e9es ou pr\u00e9senter des activit\u00e9s commerciales ou des activit\u00e9s ill\u00e9gales.<\/li>\n<\/ul>\n<p>Par la pr\u00e9sente, vous accordez \u00e0 Morocco Tours Operator une licence non exclusive pour utiliser, reproduire, \u00e9diter et autoriser d&rsquo;autres personnes \u00e0 utiliser, reproduire et \u00e9diter n&rsquo;importe lequel de vos commentaires sous toutes formes, formats ou supports.<\/p>\n<h3> <\/h3>\n<h3><strong>Liens hypertextes vers notre contenu<\/strong><\/h3>\n<p>Les organisations suivantes peuvent cr\u00e9er des liens vers notre site Web sans autorisation \u00e9crite pr\u00e9alable:<\/p>\n<ul>\n<li>Organismes gouvernementaux;<\/li>\n<li>Moteurs de recherche;<\/li>\n<li>Organismes de presse ;<\/li>\n<li>Les distributeurs d&rsquo;annuaires en ligne peuvent cr\u00e9er des liens vers notre site Web de la m\u00eame mani\u00e8re qu&rsquo;ils cr\u00e9ent des hyperliens vers les sites Web d&rsquo;autres entreprises r\u00e9pertori\u00e9es ; et<\/li>\n<li>Entreprises accr\u00e9dit\u00e9es \u00e0 l&rsquo;\u00e9chelle du syst\u00e8me, \u00e0 l&rsquo;exception des organisations \u00e0 but non lucratif, des centres commerciaux caritatifs et des groupes de collecte de fonds caritatifs qui ne peuvent pas cr\u00e9er de lien hypertexte vers notre site Web.<\/li>\n<\/ul>\n<p>Ces organisations peuvent cr\u00e9er des liens vers notre page d&rsquo;accueil, vers des publications ou vers d&rsquo;autres informations du site Web \u00e0 condition que le lien: (a) n\u2019est en aucun cas trompeur ; (b) n&rsquo;implique pas faussement le parrainage, l&rsquo;approbation ou l&rsquo;approbation de la partie \u00e9tablissant le lien et de ses produits et\/ou services ; et (c) s\u2019inscrit dans le contexte du site de la partie \u00e9tablissant le lien.<\/p>\n<p>Nous pouvons consid\u00e9rer et approuver d\u2019autres demandes de liens \u00e9manant des types d\u2019organisations suivants :<\/p>\n<ul>\n<li>sources d\u2019informations bien connues sur les consommateurs et\/ou les entreprises ;<\/li>\n<li>sites communautaires dot.com;<\/li>\n<li>les associations ou autres groupes repr\u00e9sentant des \u0153uvres caritatives;<\/li>\n<li>distributeurs d&rsquo;annuaires en ligne;<\/li>\n<li>portails Internet;<\/li>\n<li>cabinets de comptabilit\u00e9, d&rsquo;avocats et de conseil; et<\/li>\n<li>\u00e9tablissements d\u2019enseignement et associations professionnelles.<\/li>\n<\/ul>\n<p>Nous approuverons les demandes de liens de ces organisations si nous d\u00e9cidons que: (a) le lien ne nous ferait pas para\u00eetre d\u00e9favorablement \u00e0 nous-m\u00eames ou \u00e0 nos entreprises accr\u00e9dit\u00e9es ; (b) l&rsquo;organisation n&rsquo;a aucun dossier n\u00e9gatif chez nous; (c) le b\u00e9n\u00e9fice pour nous de la visibilit\u00e9 du lien hypertexte compense l&rsquo;absence de Morocco Tours Operator ; et (d) le lien se trouve dans le contexte d\u2019informations g\u00e9n\u00e9rales sur les ressources.<\/p>\n<p>Ces organisations peuvent cr\u00e9er un lien vers notre page d&rsquo;accueil \u00e0 condition que le lien: a) n\u2019est en aucun cas trompeur; (b) n&rsquo;implique pas faussement le parrainage, l&rsquo;approbation ou l&rsquo;approbation de la partie \u00e9tablissant le lien et de ses produits ou services ; et (c) s\u2019inscrire dans le contexte du site de la partie \u00e9tablissant le lien.<\/p>\n<p>Si vous faites partie des organisations r\u00e9pertori\u00e9es au paragraphe 2 ci-dessus et que vous souhaitez cr\u00e9er un lien vers notre site Web, vous devez nous en informer en envoyant un e-mail \u00e0 Morocco Tours Operator. Veuillez inclure votre nom, le nom de votre organisation, vos coordonn\u00e9es ainsi que l&rsquo;URL de votre site, une liste de toutes les URL \u00e0 partir desquelles vous avez l&rsquo;intention de cr\u00e9er un lien vers notre site Web et une liste des URL de notre site vers lesquelles vous souhaitez cr\u00e9er un lien. lien. Attendez 2-3 semaines pour une r\u00e9ponse.<\/p>\n<p>Les organisations agr\u00e9\u00e9es peuvent cr\u00e9er des hyperliens vers notre site Web comme suit :<\/p>\n<ul>\n<li>En utilisant notre d\u00e9nomination sociale ; ou<\/li>\n<li>En utilisant le localisateur de ressources uniforme auquel vous \u00eates li\u00e9 ; ou<\/li>\n<li>L\u2019utilisation de toute autre description de notre site Web li\u00e9 \u00e0 celui-ci est logique dans le contexte et le format du contenu du site de la partie \u00e9tablissant le lien.<\/li>\n<\/ul>\n<p>Aucune utilisation du logo ou d&rsquo;autres illustrations de Morocco Tours Operator ne sera autoris\u00e9e pour cr\u00e9er des liens en l&rsquo;absence d&rsquo;un accord de licence de marque.<\/p>\n<h3> <\/h3>\n<h3><strong>iFrames<\/strong><\/h3>\n<p>Sans approbation pr\u00e9alable ni autorisation \u00e9crite, vous ne pouvez pas cr\u00e9er de cadres autour de nos pages Web qui modifient de quelque mani\u00e8re que ce soit la pr\u00e9sentation visuelle ou l&rsquo;apparence de notre site Web.<\/p>\n<h3> <\/h3>\n<h3><strong>Responsabilit\u00e9 du contenu<\/strong><\/h3>\n<p>Nous ne serons pas tenus responsables de tout contenu apparaissant sur votre site Web. Vous acceptez de nous prot\u00e9ger et de nous d\u00e9fendre contre toutes r\u00e9clamations qui surgissent sur votre site Web. Aucun lien ne doit appara\u00eetre sur un site Web qui pourrait \u00eatre interpr\u00e9t\u00e9 comme diffamatoire, obsc\u00e8ne ou criminel, ou qui enfreindrait, violerait ou pr\u00e9coniserait la violation ou toute autre violation des droits de tiers.<\/p>\n<h3> <\/h3>\n<h3><strong>Votre confidentialit\u00e9<\/strong><\/h3>\n<p>Veuillez lire la politique de confidentialit\u00e9<\/p>\n<h3> <\/h3>\n<h3><strong>R\u00e9serve de droits<\/strong><\/h3>\n<p>Nous nous r\u00e9servons le droit de vous demander de supprimer tous les liens ou tout lien particulier vers notre site Web. Vous acceptez de supprimer imm\u00e9diatement tous les liens vers notre site Web sur demande. Nous nous r\u00e9servons \u00e9galement le droit de modifier ces termes et conditions et sa politique de liaison \u00e0 tout moment. En cr\u00e9ant un lien continu vers notre site Web, vous acceptez d&rsquo;\u00eatre li\u00e9 et de suivre ces termes et conditions de liaison.<\/p>\n<h3> <\/h3>\n<h3><strong>Suppression des liens de notre site Web<\/strong><\/h3>\n<p>Si vous trouvez un lien sur notre site Web qui est offensant pour quelque raison que ce soit, vous \u00eates libre de nous contacter et de nous en informer \u00e0 tout moment. Nous examinerons les demandes de suppression de liens, mais nous ne sommes pas oblig\u00e9s de vous r\u00e9pondre directement.<\/p>\n<p>Nous ne garantissons pas que les informations pr\u00e9sentes sur ce site Web sont exactes, nous ne garantissons pas leur exhaustivit\u00e9 ou leur exactitude ; nous ne promettons pas non plus de garantir que le site Web reste disponible ou que le contenu du site Web est tenu \u00e0 jour.<\/p>\n<h3> <\/h3>\n<h3><strong>Clause de non-responsabilit\u00e9<\/strong><\/h3>\n<p>Dans la mesure permise par la loi applicable, nous excluons toutes les repr\u00e9sentations, garanties et conditions relatives \u00e0 notre site Web et \u00e0 l&rsquo;utilisation de ce site Web. Rien dans cette clause de non-responsabilit\u00e9:<\/p>\n<ul>\n<li>limiter ou exclure notre ou votre responsabilit\u00e9 en cas de d\u00e9c\u00e8s ou de blessures corporelles;<\/li>\n<li>limiter ou exclure notre ou votre responsabilit\u00e9 en cas de fraude ou de fausse d\u00e9claration frauduleuse;<\/li>\n<li>limiter l&rsquo;une de nos ou vos responsabilit\u00e9s d&rsquo;une mani\u00e8re qui n&rsquo;est pas autoris\u00e9e par la loi applicable ; ou<\/li>\n<li>exclure toute de nos ou vos responsabilit\u00e9s qui ne peuvent pas \u00eatre exclues en vertu de la loi applicable.<\/li>\n<\/ul>\n<p>Les limitations et interdictions de responsabilit\u00e9 d\u00e9finies dans cette section et ailleurs dans cette clause de non-responsabilit\u00e9: a) sont soumis au paragraphe pr\u00e9c\u00e9dent ; et (b) r\u00e9gir toutes les responsabilit\u00e9s d\u00e9coulant de la clause de non-responsabilit\u00e9, y compris les responsabilit\u00e9s d\u00e9coulant du contrat, de la responsabilit\u00e9 d\u00e9lictuelle et de la violation d&rsquo;une obligation l\u00e9gale.<\/p>\n<p>Tant que le site Web ainsi que les informations et services propos\u00e9s sur le site Web sont fournis gratuitement, nous ne serons pas responsables de toute perte ou dommage de quelque nature que ce soit.<\/p>\n\t\t\t\t\t\t\t\t<\/div>\n\t\t\t\t<\/div>\n\t\t\t\t\t<\/div>\n\t\t<\/div>\n\t\t\t\t\t<\/div>\n\t\t<\/section>\n\t\t\t\t<\/div>\n\t\t","protected":false},"excerpt":{"rendered":"<p>Termes et Conditions Termes et Conditions Bienvenue chez Morocco Tours Operator ! Les pr\u00e9sentes conditions g\u00e9n\u00e9rales d\u00e9crivent les r\u00e8gles et r\u00e9glementations d&rsquo;utilisation du site Web de Morocco Tours Operator, situ\u00e9 \u00e0 l&rsquo;adresse https:\/\/moroccotoursoperator.com\/. En acc\u00e9dant \u00e0 ce site Web, nous supposons que vous acceptez ces termes et conditions. Ne continuez pas \u00e0 utiliser Morocco Tours [&hellip;]<\/p>\n","protected":false},"author":1,"featured_media":0,"parent":0,"menu_order":0,"comment_status":"closed","ping_status":"closed","template":"elementor_header_footer","meta":{"site-sidebar-layout":"no-sidebar","site-content-layout":"page-builder","ast-site-content-layout":"default","site-content-style":"default","site-sidebar-style":"default","ast-global-header-display":"","ast-banner-title-visibility":"","ast-main-header-display":"","ast-hfb-above-header-display":"","ast-hfb-below-header-display":"","ast-hfb-mobile-header-display":"","site-post-title":"disabled","ast-breadcrumbs-content":"","ast-featured-img":"disabled","footer-sml-layout":"","ast-disable-related-posts":"","theme-transparent-header-meta":"","adv-header-id-meta":"","stick-header-meta":"","header-above-stick-meta":"","header-main-stick-meta":"","header-below-stick-meta":"","astra-migrate-meta-layouts":"default","ast-page-background-enabled":"default","ast-page-background-meta":{"desktop":{"background-color":"var(--ast-global-color-4)","background-image":"","background-repeat":"repeat","background-position":"center center","background-size":"auto","background-attachment":"scroll","background-type":"","background-media":"","overlay-type":"","overlay-color":"","overlay-opacity":"","overlay-gradient":""},"tablet":{"background-color":"","background-image":"","background-repeat":"repeat","background-position":"center center","background-size":"auto","background-attachment":"scroll","background-type":"","background-media":"","overlay-type":"","overlay-color":"","overlay-opacity":"","overlay-gradient":""},"mobile":{"background-color":"","background-image":"","background-repeat":"repeat","background-position":"center center","background-size":"auto","background-attachment":"scroll","background-type":"","background-media":"","overlay-type":"","overlay-color":"","overlay-opacity":"","overlay-gradient":""}},"ast-content-background-meta":{"desktop":{"background-color":"var(--ast-global-color-5)","background-image":"","background-repeat":"repeat","background-position":"center center","background-size":"auto","background-attachment":"scroll","background-type":"","background-media":"","overlay-type":"","overlay-color":"","overlay-opacity":"","overlay-gradient":""},"tablet":{"background-color":"var(--ast-global-color-5)","background-image":"","background-repeat":"repeat","background-position":"center center","background-size":"auto","background-attachment":"scroll","background-type":"","background-media":"","overlay-type":"","overlay-color":"","overlay-opacity":"","overlay-gradient":""},"mobile":{"background-color":"var(--ast-global-color-5)","background-image":"","background-repeat":"repeat","background-position":"center center","background-size":"auto","background-attachment":"scroll","background-type":"","background-media":"","overlay-type":"","overlay-color":"","overlay-opacity":"","overlay-gradient":""}},"_joinchat":[],"footnotes":""},"class_list":["post-9372","page","type-page","status-publish","hentry"],"_links":{"self":[{"href":"https:\/\/moroccotoursoperator.com\/fr\/wp-json\/wp\/v2\/pages\/9372","targetHints":{"allow":["GET"]}}],"collection":[{"href":"https:\/\/moroccotoursoperator.com\/fr\/wp-json\/wp\/v2\/pages"}],"about":[{"href":"https:\/\/moroccotoursoperator.com\/fr\/wp-json\/wp\/v2\/types\/page"}],"author":[{"embeddable":true,"href":"https:\/\/moroccotoursoperator.com\/fr\/wp-json\/wp\/v2\/users\/1"}],"replies":[{"embeddable":true,"href":"https:\/\/moroccotoursoperator.com\/fr\/wp-json\/wp\/v2\/comments?post=9372"}],"version-history":[{"count":0,"href":"https:\/\/moroccotoursoperator.com\/fr\/wp-json\/wp\/v2\/pages\/9372\/revisions"}],"wp:attachment":[{"href":"https:\/\/moroccotoursoperator.com\/fr\/wp-json\/wp\/v2\/media?parent=9372"}],"curies":[{"name":"wp","href":"https:\/\/api.w.org\/{rel}","templated":true}]}}