{"id":9356,"date":"2023-01-14T10:38:58","date_gmt":"2023-01-14T10:38:58","guid":{"rendered":"https:\/\/moroccotoursoperator.com\/plan-du-site\/"},"modified":"2024-02-17T16:18:10","modified_gmt":"2024-02-17T16:18:10","slug":"plan-du-site","status":"publish","type":"page","link":"https:\/\/moroccotoursoperator.com\/fr\/plan-du-site\/","title":{"rendered":"Plan du site"},"content":{"rendered":"\t\t<div data-elementor-type=\"wp-page\" data-elementor-id=\"9356\" class=\"elementor elementor-9356 elementor-3166\" data-elementor-post-type=\"page\">\n\t\t\t\t\t\t<section class=\"elementor-section elementor-top-section elementor-element elementor-element-1c0df57f elementor-section-height-min-height elementor-section-boxed elementor-section-height-default elementor-section-items-middle\" data-id=\"1c0df57f\" data-element_type=\"section\" data-e-type=\"section\" data-settings=\"{&quot;background_background&quot;:&quot;classic&quot;}\">\n\t\t\t\t\t\t\t<div class=\"elementor-background-overlay\"><\/div>\n\t\t\t\t\t\t\t<div class=\"elementor-container elementor-column-gap-default\">\n\t\t\t\t\t<div class=\"elementor-column elementor-col-100 elementor-top-column elementor-element elementor-element-57e42a12\" data-id=\"57e42a12\" data-element_type=\"column\" data-e-type=\"column\">\n\t\t\t<div class=\"elementor-widget-wrap elementor-element-populated\">\n\t\t\t\t\t\t<div class=\"elementor-element elementor-element-76e90ed1 elementor-widget elementor-widget-heading\" data-id=\"76e90ed1\" data-element_type=\"widget\" data-e-type=\"widget\" data-widget_type=\"heading.default\">\n\t\t\t\t<div class=\"elementor-widget-container\">\n\t\t\t\t\t<h1 class=\"elementor-heading-title elementor-size-default\">Plan du site<\/h1>\t\t\t\t<\/div>\n\t\t\t\t<\/div>\n\t\t\t\t\t<\/div>\n\t\t<\/div>\n\t\t\t\t\t<\/div>\n\t\t<\/section>\n\t\t<div class=\"elementor-element elementor-element-45538ec e-flex e-con-boxed e-con e-parent\" data-id=\"45538ec\" data-element_type=\"container\" data-e-type=\"container\">\n\t\t\t\t\t<div class=\"e-con-inner\">\n\t\t\t\t<div class=\"elementor-element elementor-element-87c35e0 elementor-widget elementor-widget-sitemap\" data-id=\"87c35e0\" data-element_type=\"widget\" data-e-type=\"widget\" data-widget_type=\"sitemap.default\">\n\t\t\t\t<div class=\"elementor-widget-container\">\n\t\t\t\t\t<div class=\"elementor-sitemap-wrap\"><div class=\"elementor-sitemap-section\"><h2 class=\"elementor-sitemap-title elementor-sitemap-page-title\">Pages<\/h2><ul class=\"elementor-sitemap-list elementor-sitemap-page-list\"><li class=\"elementor-sitemap-item elementor-sitemap-item-page page_item page-item-9386 menu-item\"><a href=\"https:\/\/moroccotoursoperator.com\/fr\/payer-un-acompte\/\" class=\"elementor-sitemap-item elementor-sitemap-item-page menu-link\">Payer un Acompte<\/a><\/li><li class=\"elementor-sitemap-item elementor-sitemap-item-page page_item page-item-9261 menu-item\"><a href=\"https:\/\/moroccotoursoperator.com\/fr\/excursions-depuis-errachidia\/\" class=\"elementor-sitemap-item elementor-sitemap-item-page menu-link\">Excursions depuis Errachidia<\/a><\/li><li class=\"elementor-sitemap-item elementor-sitemap-item-page page_item page-item-9302 menu-item\"><a href=\"https:\/\/moroccotoursoperator.com\/fr\/tours-de-ouarzazate\/\" class=\"elementor-sitemap-item elementor-sitemap-item-page menu-link\">Tours De Ouarzazate<\/a><\/li><li class=\"elementor-sitemap-item elementor-sitemap-item-page page_item page-item-9090 menu-item\"><a href=\"https:\/\/moroccotoursoperator.com\/fr\/\" class=\"elementor-sitemap-item elementor-sitemap-item-page menu-link\">Accueil<\/a><\/li><li class=\"elementor-sitemap-item elementor-sitemap-item-page page_item page-item-9325 menu-item\"><a href=\"https:\/\/moroccotoursoperator.com\/fr\/politiques-de-paiement-et-dannulation\/\" class=\"elementor-sitemap-item elementor-sitemap-item-page menu-link\">Politiques de paiement et d&rsquo;annulation<\/a><\/li><li class=\"elementor-sitemap-item elementor-sitemap-item-page page_item page-item-9181 menu-item\"><a href=\"https:\/\/moroccotoursoperator.com\/fr\/vacances-activites-au-maroc\/\" class=\"elementor-sitemap-item elementor-sitemap-item-page menu-link\">Activit\u00e9s<\/a><\/li><li class=\"elementor-sitemap-item elementor-sitemap-item-page page_item page-item-9356 menu-item\"><a href=\"https:\/\/moroccotoursoperator.com\/fr\/plan-du-site\/\" class=\"elementor-sitemap-item elementor-sitemap-item-page menu-link\">Plan du site<\/a><\/li><li class=\"elementor-sitemap-item elementor-sitemap-item-page page_item page-item-9372 menu-item\"><a href=\"https:\/\/moroccotoursoperator.com\/fr\/termes-et-conditions\/\" class=\"elementor-sitemap-item elementor-sitemap-item-page menu-link\">Termes et Conditions<\/a><\/li><li class=\"elementor-sitemap-item elementor-sitemap-item-page page_item page-item-9339 menu-item\"><a href=\"https:\/\/moroccotoursoperator.com\/fr\/politique-de-confidentialite\/\" class=\"elementor-sitemap-item elementor-sitemap-item-page menu-link\">Politique de Confidentialit\u00e9<\/a><\/li><li class=\"elementor-sitemap-item elementor-sitemap-item-page page_item page-item-9233 menu-item\"><a href=\"https:\/\/moroccotoursoperator.com\/fr\/circuits-depuis-agadir\/\" class=\"elementor-sitemap-item elementor-sitemap-item-page menu-link\">Excursions au d\u00e9part d&rsquo;Agadir<\/a><\/li><li class=\"elementor-sitemap-item elementor-sitemap-item-page page_item page-item-9276 menu-item\"><a href=\"https:\/\/moroccotoursoperator.com\/fr\/excursions-au-depart-de-fes\/\" class=\"elementor-sitemap-item elementor-sitemap-item-page menu-link\">Excursions au d\u00e9part de F\u00e8s<\/a><\/li><li class=\"elementor-sitemap-item elementor-sitemap-item-page page_item page-item-9290 menu-item\"><a href=\"https:\/\/moroccotoursoperator.com\/fr\/circuits-au-depart-de-marrakech\/\" class=\"elementor-sitemap-item elementor-sitemap-item-page menu-link\">Circuits au d\u00e9part de Marrakech<\/a><\/li><li class=\"elementor-sitemap-item elementor-sitemap-item-page page_item page-item-9247 menu-item\"><a href=\"https:\/\/moroccotoursoperator.com\/fr\/excursions-au-depart-de-casablanca\/\" class=\"elementor-sitemap-item elementor-sitemap-item-page menu-link\">Excursions au d\u00e9part de Casablanca<\/a><\/li><li class=\"elementor-sitemap-item elementor-sitemap-item-page page_item page-item-9310 menu-item\"><a href=\"https:\/\/moroccotoursoperator.com\/fr\/excursions-au-depart-de-tanger\/\" class=\"elementor-sitemap-item elementor-sitemap-item-page menu-link\">Excursions au d\u00e9part de Tanger<\/a><\/li><li class=\"elementor-sitemap-item elementor-sitemap-item-page page_item page-item-9204 menu-item\"><a href=\"https:\/\/moroccotoursoperator.com\/fr\/maroc-actualites\/\" class=\"elementor-sitemap-item elementor-sitemap-item-page menu-link\">Blog<\/a><\/li><li class=\"elementor-sitemap-item elementor-sitemap-item-page page_item page-item-9169 menu-item\"><a href=\"https:\/\/moroccotoursoperator.com\/fr\/excursions-dune-journee-au-maroc\/\" class=\"elementor-sitemap-item elementor-sitemap-item-page menu-link\">Excursions d&rsquo;une journ\u00e9e<\/a><\/li><li class=\"elementor-sitemap-item elementor-sitemap-item-page page_item page-item-9216 menu-item\"><a href=\"https:\/\/moroccotoursoperator.com\/fr\/voyager-maroc-maintenant\/\" class=\"elementor-sitemap-item elementor-sitemap-item-page menu-link\">Contactez-nous<\/a><\/li><li class=\"elementor-sitemap-item elementor-sitemap-item-page page_item page-item-9149 menu-item\"><a href=\"https:\/\/moroccotoursoperator.com\/fr\/liste-des-circuits\/\" class=\"elementor-sitemap-item elementor-sitemap-item-page menu-link\">Circuits<\/a><\/li><li class=\"elementor-sitemap-item elementor-sitemap-item-page page_item page-item-9141 menu-item\"><a href=\"https:\/\/moroccotoursoperator.com\/fr\/tradition-du-maroc\/\" class=\"elementor-sitemap-item elementor-sitemap-item-page menu-link\">\u00c0 Propos de Nous<\/a><\/li><\/ul><\/div><div class=\"elementor-sitemap-section\"><h2 class=\"elementor-sitemap-title elementor-sitemap-post-title\">Articles<\/h2><ul class=\"elementor-sitemap-list elementor-sitemap-post-list\"><li class=\"elementor-sitemap-item elementor-sitemap-item-post page_item page-item-9189 menu-item\"><a href=\"https:\/\/moroccotoursoperator.com\/fr\/voyages-etudiants-au-maroc\/\" class=\"elementor-sitemap-item elementor-sitemap-item-post menu-link\">Voyages \u00e9tudiants au Maroc<\/a><\/li><li class=\"elementor-sitemap-item elementor-sitemap-item-post page_item page-item-9883 menu-item\"><a href=\"https:\/\/moroccotoursoperator.com\/fr\/les-meilleures-vacances-au-maroc-conseils-dexperts\/\" class=\"elementor-sitemap-item elementor-sitemap-item-post menu-link\">Les meilleures vacances au Maroc : conseils d&rsquo;experts !<\/a><\/li><li class=\"elementor-sitemap-item elementor-sitemap-item-post page_item page-item-9895 menu-item\"><a href=\"https:\/\/moroccotoursoperator.com\/fr\/circuits-maroc-egypte-et-jordanie-conseils-dexperts\/\" class=\"elementor-sitemap-item elementor-sitemap-item-post menu-link\">Circuits Maroc Egypte Et Jordanie: Conseils d&rsquo;Experts !<\/a><\/li><li class=\"elementor-sitemap-item elementor-sitemap-item-post page_item page-item-9909 menu-item\"><a href=\"https:\/\/moroccotoursoperator.com\/fr\/week-end-au-maroc-votre-guide-ultime\/\" class=\"elementor-sitemap-item elementor-sitemap-item-post menu-link\">Week-end au Maroc: votre guide ultime !<\/a><\/li><li class=\"elementor-sitemap-item elementor-sitemap-item-post page_item page-item-9650 menu-item\"><a href=\"https:\/\/moroccotoursoperator.com\/fr\/circuit-de-2-jours-de-marrakech-a-merzouga-randonnee-a-dos-de-chameau\/\" class=\"elementor-sitemap-item elementor-sitemap-item-post menu-link\">Circuit De 2 Jours De Marrakech \u00c0 Merzouga | Randonn\u00e9e \u00e0 dos de chameau<\/a><\/li><li class=\"elementor-sitemap-item elementor-sitemap-item-post page_item page-item-9394 menu-item\"><a href=\"https:\/\/moroccotoursoperator.com\/fr\/tour-en-caleche-activite-marrakech\/\" class=\"elementor-sitemap-item elementor-sitemap-item-post menu-link\">Tour en cal\u00e8che activit\u00e9 Marrakech<\/a><\/li><li class=\"elementor-sitemap-item elementor-sitemap-item-post page_item page-item-9404 menu-item\"><a href=\"https:\/\/moroccotoursoperator.com\/fr\/spectacle-et-diner-chez-ali-fantasia\/\" class=\"elementor-sitemap-item elementor-sitemap-item-post menu-link\">Spectacle et d\u00eener Chez Ali Fantasia<\/a><\/li><li class=\"elementor-sitemap-item elementor-sitemap-item-post page_item page-item-9420 menu-item\"><a href=\"https:\/\/moroccotoursoperator.com\/fr\/activite-jet-ski-marrakech\/\" class=\"elementor-sitemap-item elementor-sitemap-item-post menu-link\">Activit\u00e9 Jet Ski Marrakech<\/a><\/li><li class=\"elementor-sitemap-item elementor-sitemap-item-post page_item page-item-9444 menu-item\"><a href=\"https:\/\/moroccotoursoperator.com\/fr\/activite-cours-de-cuisine-a-marrakech\/\" class=\"elementor-sitemap-item elementor-sitemap-item-post menu-link\">Activit\u00e9 Cours de cuisine \u00e0 Marrakech<\/a><\/li><li class=\"elementor-sitemap-item elementor-sitemap-item-post page_item page-item-9460 menu-item\"><a href=\"https:\/\/moroccotoursoperator.com\/fr\/activite-balade-en-montgolfiere-a-marrakech\/\" class=\"elementor-sitemap-item elementor-sitemap-item-post menu-link\">Activit\u00e9 balade en montgolfi\u00e8re \u00e0 Marrakech<\/a><\/li><li class=\"elementor-sitemap-item elementor-sitemap-item-post page_item page-item-9476 menu-item\"><a href=\"https:\/\/moroccotoursoperator.com\/fr\/activite-balade-a-dos-de-chameau-a-marrakech\/\" class=\"elementor-sitemap-item elementor-sitemap-item-post menu-link\">Activit\u00e9 balade \u00e0 dos de chameau \u00e0 Marrakech<\/a><\/li><li class=\"elementor-sitemap-item elementor-sitemap-item-post page_item page-item-9500 menu-item\"><a href=\"https:\/\/moroccotoursoperator.com\/fr\/activite-quad-marrakech\/\" class=\"elementor-sitemap-item elementor-sitemap-item-post menu-link\">Activit\u00e9 Quad Marrakech<\/a><\/li><li class=\"elementor-sitemap-item elementor-sitemap-item-post page_item page-item-9516 menu-item\"><a href=\"https:\/\/moroccotoursoperator.com\/fr\/activite-de-guide-prive-a-marrakech\/\" class=\"elementor-sitemap-item elementor-sitemap-item-post menu-link\">Activit\u00e9 de guide priv\u00e9 \u00e0 Marrakech<\/a><\/li><li class=\"elementor-sitemap-item elementor-sitemap-item-post page_item page-item-9988 menu-item\"><a href=\"https:\/\/moroccotoursoperator.com\/fr\/circuit-de-6-jours-de-fes-a-marrakech\/\" class=\"elementor-sitemap-item elementor-sitemap-item-post menu-link\">Circuit de 6 jours de F\u00e8s \u00e0 Marrakech<\/a><\/li><li class=\"elementor-sitemap-item elementor-sitemap-item-post page_item page-item-10002 menu-item\"><a href=\"https:\/\/moroccotoursoperator.com\/fr\/circuit-de-5-jours-de-fes-a-marrakech\/\" class=\"elementor-sitemap-item elementor-sitemap-item-post menu-link\">Circuit de 5 jours de F\u00e8s \u00e0 Marrakech<\/a><\/li><li class=\"elementor-sitemap-item elementor-sitemap-item-post page_item page-item-10018 menu-item\"><a href=\"https:\/\/moroccotoursoperator.com\/fr\/circuit-de-2-jours-de-fes-a-chefchaouen\/\" class=\"elementor-sitemap-item elementor-sitemap-item-post menu-link\">Circuit de 2 jours de F\u00e8s \u00e0 Chefchaouen<\/a><\/li><li class=\"elementor-sitemap-item elementor-sitemap-item-post page_item page-item-10034 menu-item\"><a href=\"https:\/\/moroccotoursoperator.com\/fr\/circuit-de-3-jours-de-fes-a-merzouga\/\" class=\"elementor-sitemap-item elementor-sitemap-item-post menu-link\">Circuit de 3 jours de F\u00e8s \u00e0 Merzouga<\/a><\/li><li class=\"elementor-sitemap-item elementor-sitemap-item-post page_item page-item-10061 menu-item\"><a href=\"https:\/\/moroccotoursoperator.com\/fr\/circuit-de-3-jours-de-fes-a-marrakech\/\" class=\"elementor-sitemap-item elementor-sitemap-item-post menu-link\">Circuit de 3 jours de F\u00e8s \u00e0 Marrakech<\/a><\/li><li class=\"elementor-sitemap-item elementor-sitemap-item-post page_item page-item-10076 menu-item\"><a href=\"https:\/\/moroccotoursoperator.com\/fr\/circuit-de-4-jours-de-fes-a-marrakech\/\" class=\"elementor-sitemap-item elementor-sitemap-item-post menu-link\">Circuit de 4 jours de F\u00e8s \u00e0 Marrakech<\/a><\/li><li class=\"elementor-sitemap-item elementor-sitemap-item-post page_item page-item-10092 menu-item\"><a href=\"https:\/\/moroccotoursoperator.com\/fr\/circuit-de-2-jours-de-fes-a-merzouga\/\" class=\"elementor-sitemap-item elementor-sitemap-item-post menu-link\">Circuit de 2 jours de F\u00e8s \u00e0 Merzouga<\/a><\/li><li class=\"elementor-sitemap-item elementor-sitemap-item-post page_item page-item-10208 menu-item\"><a href=\"https:\/\/moroccotoursoperator.com\/fr\/circuit-de-9-jours-au-depart-de-casablanca\/\" class=\"elementor-sitemap-item elementor-sitemap-item-post menu-link\">Circuit de 9 jours au d\u00e9part de Casablanca<\/a><\/li><li class=\"elementor-sitemap-item elementor-sitemap-item-post page_item page-item-10222 menu-item\"><a href=\"https:\/\/moroccotoursoperator.com\/fr\/circuit-de-4-jours-au-depart-de-casablanca\/\" class=\"elementor-sitemap-item elementor-sitemap-item-post menu-link\">Circuit de 4 jours au d\u00e9part de Casablanca<\/a><\/li><li class=\"elementor-sitemap-item elementor-sitemap-item-post page_item page-item-10239 menu-item\"><a href=\"https:\/\/moroccotoursoperator.com\/fr\/circuit-de-6-jours-au-depart-de-casablanca\/\" class=\"elementor-sitemap-item elementor-sitemap-item-post menu-link\">Circuit de 6 jours au d\u00e9part de Casablanca<\/a><\/li><li class=\"elementor-sitemap-item elementor-sitemap-item-post page_item page-item-10249 menu-item\"><a href=\"https:\/\/moroccotoursoperator.com\/fr\/circuit-de-5-jours-au-depart-de-casablanca\/\" class=\"elementor-sitemap-item elementor-sitemap-item-post menu-link\">Circuit de 5 jours au d\u00e9part de Casablanca<\/a><\/li><li class=\"elementor-sitemap-item elementor-sitemap-item-post page_item page-item-10265 menu-item\"><a href=\"https:\/\/moroccotoursoperator.com\/fr\/circuit-de-14-jours-depuis-casablanca\/\" class=\"elementor-sitemap-item elementor-sitemap-item-post menu-link\">Circuit de 14 jours depuis Casablanca<\/a><\/li><li class=\"elementor-sitemap-item elementor-sitemap-item-post page_item page-item-10282 menu-item\"><a href=\"https:\/\/moroccotoursoperator.com\/fr\/circuit-de-12-jours-au-depart-de-casablanca\/\" class=\"elementor-sitemap-item elementor-sitemap-item-post menu-link\">Circuit de 12 jours au d\u00e9part de Casablanca<\/a><\/li><li class=\"elementor-sitemap-item elementor-sitemap-item-post page_item page-item-10296 menu-item\"><a href=\"https:\/\/moroccotoursoperator.com\/fr\/circuit-de-10-jours-au-depart-de-casablanca\/\" class=\"elementor-sitemap-item elementor-sitemap-item-post menu-link\">Circuit de 10 jours au d\u00e9part de Casablanca<\/a><\/li><li class=\"elementor-sitemap-item elementor-sitemap-item-post page_item page-item-10311 menu-item\"><a href=\"https:\/\/moroccotoursoperator.com\/fr\/circuit-de-8-jours-au-depart-de-casablanca-itineraire-depuis-casablanca\/\" class=\"elementor-sitemap-item elementor-sitemap-item-post menu-link\">Circuit de 8 jours au d\u00e9part de Casablanca | Itin\u00e9raire depuis Casablanca<\/a><\/li><li class=\"elementor-sitemap-item elementor-sitemap-item-post page_item page-item-10334 menu-item\"><a href=\"https:\/\/moroccotoursoperator.com\/fr\/itineraire-de-7-jours-au-depart-de-casablanca-gagnez-temps-et-largent\/\" class=\"elementor-sitemap-item elementor-sitemap-item-post menu-link\">Itin\u00e9raire de 7 jours au d\u00e9part de Casablanca &#8211; Gagnez Temps et L&rsquo;argent!<\/a><\/li><li class=\"elementor-sitemap-item elementor-sitemap-item-post page_item page-item-9666 menu-item\"><a href=\"https:\/\/moroccotoursoperator.com\/fr\/circuit-de-8-jours-de-marrakech-a-marrakech\/\" class=\"elementor-sitemap-item elementor-sitemap-item-post menu-link\">Circuit de 8 jours de Marrakech \u00e0 Marrakech<\/a><\/li><li class=\"elementor-sitemap-item elementor-sitemap-item-post page_item page-item-9681 menu-item\"><a href=\"https:\/\/moroccotoursoperator.com\/fr\/circuit-de-7-jours-de-marrakech-a-fes\/\" class=\"elementor-sitemap-item elementor-sitemap-item-post menu-link\">Circuit de 7 jours de Marrakech \u00e0 F\u00e8s<\/a><\/li><li class=\"elementor-sitemap-item elementor-sitemap-item-post page_item page-item-9697 menu-item\"><a href=\"https:\/\/moroccotoursoperator.com\/fr\/circuit-de-6-jours-de-marrakech-a-merzouga\/\" class=\"elementor-sitemap-item elementor-sitemap-item-post menu-link\">Circuit de 6 jours de Marrakech \u00e0 Merzouga<\/a><\/li><li class=\"elementor-sitemap-item elementor-sitemap-item-post page_item page-item-9710 menu-item\"><a href=\"https:\/\/moroccotoursoperator.com\/fr\/circuit-de-5-jours-de-marrakech-a-fes-visite-du-desert-de-fes\/\" class=\"elementor-sitemap-item elementor-sitemap-item-post menu-link\">Circuit de 5 jours de Marrakech \u00e0 F\u00e8s | Visite du d\u00e9sert de F\u00e8s<\/a><\/li><li class=\"elementor-sitemap-item elementor-sitemap-item-post page_item page-item-9925 menu-item\"><a href=\"https:\/\/moroccotoursoperator.com\/fr\/circuit-de-5-jours-de-marrakech-a-merzouga\/\" class=\"elementor-sitemap-item elementor-sitemap-item-post menu-link\">Circuit de 5 jours de Marrakech \u00e0 Merzouga<\/a><\/li><li class=\"elementor-sitemap-item elementor-sitemap-item-post page_item page-item-9725 menu-item\"><a href=\"https:\/\/moroccotoursoperator.com\/fr\/circuit-de-4-jours-de-marrakech-a-merzouga-gagnez-temps-et-largent\/\" class=\"elementor-sitemap-item elementor-sitemap-item-post menu-link\">Circuit de 4 jours de Marrakech \u00e0 Merzouga &#8211; Gagnez Temps et L&rsquo;argent !<\/a><\/li><li class=\"elementor-sitemap-item elementor-sitemap-item-post page_item page-item-9738 menu-item\"><a href=\"https:\/\/moroccotoursoperator.com\/fr\/circuit-de-4-jours-de-marrakech-a-fes\/\" class=\"elementor-sitemap-item elementor-sitemap-item-post menu-link\">Circuit de 4 jours de Marrakech \u00e0 F\u00e8s<\/a><\/li><li class=\"elementor-sitemap-item elementor-sitemap-item-post page_item page-item-9749 menu-item\"><a href=\"https:\/\/moroccotoursoperator.com\/fr\/circuit-de-3-jours-de-marrakech-a-fes-via-le-desert\/\" class=\"elementor-sitemap-item elementor-sitemap-item-post menu-link\">Circuit de 3 jours de Marrakech \u00e0 F\u00e8s via le d\u00e9sert<\/a><\/li><li class=\"elementor-sitemap-item elementor-sitemap-item-post page_item page-item-9761 menu-item\"><a href=\"https:\/\/moroccotoursoperator.com\/fr\/circuit-de-3-jours-de-marrakech-a-merzouga-gagnez-temps-et-largent\/\" class=\"elementor-sitemap-item elementor-sitemap-item-post menu-link\">Circuit de 3 jours de Marrakech \u00e0 Merzouga &#8211; Gagnez Temps et L&rsquo;argent !<\/a><\/li><li class=\"elementor-sitemap-item elementor-sitemap-item-post page_item page-item-9941 menu-item\"><a href=\"https:\/\/moroccotoursoperator.com\/fr\/circuit-de-2-jours-de-marrakech-a-zagora\/\" class=\"elementor-sitemap-item elementor-sitemap-item-post menu-link\">Circuit de 2 jours de Marrakech \u00e0 Zagora<\/a><\/li><li class=\"elementor-sitemap-item elementor-sitemap-item-post page_item page-item-9576 menu-item\"><a href=\"https:\/\/moroccotoursoperator.com\/fr\/excursion-dune-journee-a-imlil-au-depart-de-marrakech\/\" class=\"elementor-sitemap-item elementor-sitemap-item-post menu-link\">Excursion d&rsquo;une journ\u00e9e \u00e0 Imlil au d\u00e9part de Marrakech<\/a><\/li><li class=\"elementor-sitemap-item elementor-sitemap-item-post page_item page-item-9590 menu-item\"><a href=\"https:\/\/moroccotoursoperator.com\/fr\/excursion-dune-journee-dans-la-vallee-de-lourika-au-depart-de-marrakech\/\" class=\"elementor-sitemap-item elementor-sitemap-item-post menu-link\">Excursion d&rsquo;une journ\u00e9e dans la vall\u00e9e de l&rsquo;Ourika au d\u00e9part de Marrakech<\/a><\/li><li class=\"elementor-sitemap-item elementor-sitemap-item-post page_item page-item-9600 menu-item\"><a href=\"https:\/\/moroccotoursoperator.com\/fr\/excursion-dune-journee-aux-cascades-douzoud-au-depart-de-marrakech\/\" class=\"elementor-sitemap-item elementor-sitemap-item-post menu-link\">Excursion d&rsquo;une journ\u00e9e aux cascades d&rsquo;Ouzoud au d\u00e9part de Marrakech<\/a><\/li><li class=\"elementor-sitemap-item elementor-sitemap-item-post page_item page-item-9616 menu-item\"><a href=\"https:\/\/moroccotoursoperator.com\/fr\/excursion-dune-journee-a-ouarzazate-au-depart-de-marrakech\/\" class=\"elementor-sitemap-item elementor-sitemap-item-post menu-link\">Excursion d&rsquo;une journ\u00e9e \u00e0 Ouarzazate au d\u00e9part de Marrakech<\/a><\/li><li class=\"elementor-sitemap-item elementor-sitemap-item-post page_item page-item-9634 menu-item\"><a href=\"https:\/\/moroccotoursoperator.com\/fr\/excursion-dune-journee-a-essaouira-au-depart-de-marrakech\/\" class=\"elementor-sitemap-item elementor-sitemap-item-post menu-link\">Excursion d&rsquo;une journ\u00e9e \u00e0 Essaouira au d\u00e9part de Marrakech<\/a><\/li><\/ul><\/div><\/div>\t\t\t\t<\/div>\n\t\t\t\t<\/div>\n\t\t\t\t\t<\/div>\n\t\t\t\t<\/div>\n\t\t\t\t<\/div>\n\t\t","protected":false},"excerpt":{"rendered":"<p>Plan du site<\/p>\n","protected":false},"author":1,"featured_media":0,"parent":0,"menu_order":0,"comment_status":"closed","ping_status":"closed","template":"elementor_header_footer","meta":{"site-sidebar-layout":"no-sidebar","site-content-layout":"page-builder","ast-site-content-layout":"default","site-content-style":"default","site-sidebar-style":"default","ast-global-header-display":"","ast-banner-title-visibility":"","ast-main-header-display":"","ast-hfb-above-header-display":"","ast-hfb-below-header-display":"","ast-hfb-mobile-header-display":"","site-post-title":"disabled","ast-breadcrumbs-content":"","ast-featured-img":"disabled","footer-sml-layout":"","ast-disable-related-posts":"","theme-transparent-header-meta":"","adv-header-id-meta":"","stick-header-meta":"","header-above-stick-meta":"","header-main-stick-meta":"","header-below-stick-meta":"","astra-migrate-meta-layouts":"default","ast-page-background-enabled":"default","ast-page-background-meta":{"desktop":{"background-color":"var(--ast-global-color-4)","background-image":"","background-repeat":"repeat","background-position":"center center","background-size":"auto","background-attachment":"scroll","background-type":"","background-media":"","overlay-type":"","overlay-color":"","overlay-opacity":"","overlay-gradient":""},"tablet":{"background-color":"","background-image":"","background-repeat":"repeat","background-position":"center center","background-size":"auto","background-attachment":"scroll","background-type":"","background-media":"","overlay-type":"","overlay-color":"","overlay-opacity":"","overlay-gradient":""},"mobile":{"background-color":"","background-image":"","background-repeat":"repeat","background-position":"center center","background-size":"auto","background-attachment":"scroll","background-type":"","background-media":"","overlay-type":"","overlay-color":"","overlay-opacity":"","overlay-gradient":""}},"ast-content-background-meta":{"desktop":{"background-color":"var(--ast-global-color-5)","background-image":"","background-repeat":"repeat","background-position":"center center","background-size":"auto","background-attachment":"scroll","background-type":"","background-media":"","overlay-type":"","overlay-color":"","overlay-opacity":"","overlay-gradient":""},"tablet":{"background-color":"var(--ast-global-color-5)","background-image":"","background-repeat":"repeat","background-position":"center center","background-size":"auto","background-attachment":"scroll","background-type":"","background-media":"","overlay-type":"","overlay-color":"","overlay-opacity":"","overlay-gradient":""},"mobile":{"background-color":"var(--ast-global-color-5)","background-image":"","background-repeat":"repeat","background-position":"center center","background-size":"auto","background-attachment":"scroll","background-type":"","background-media":"","overlay-type":"","overlay-color":"","overlay-opacity":"","overlay-gradient":""}},"_joinchat":[],"footnotes":""},"class_list":["post-9356","page","type-page","status-publish","hentry"],"_links":{"self":[{"href":"https:\/\/moroccotoursoperator.com\/fr\/wp-json\/wp\/v2\/pages\/9356","targetHints":{"allow":["GET"]}}],"collection":[{"href":"https:\/\/moroccotoursoperator.com\/fr\/wp-json\/wp\/v2\/pages"}],"about":[{"href":"https:\/\/moroccotoursoperator.com\/fr\/wp-json\/wp\/v2\/types\/page"}],"author":[{"embeddable":true,"href":"https:\/\/moroccotoursoperator.com\/fr\/wp-json\/wp\/v2\/users\/1"}],"replies":[{"embeddable":true,"href":"https:\/\/moroccotoursoperator.com\/fr\/wp-json\/wp\/v2\/comments?post=9356"}],"version-history":[{"count":0,"href":"https:\/\/moroccotoursoperator.com\/fr\/wp-json\/wp\/v2\/pages\/9356\/revisions"}],"wp:attachment":[{"href":"https:\/\/moroccotoursoperator.com\/fr\/wp-json\/wp\/v2\/media?parent=9356"}],"curies":[{"name":"wp","href":"https:\/\/api.w.org\/{rel}","templated":true}]}}