{"id":9339,"date":"2022-12-16T22:08:14","date_gmt":"2022-12-16T22:08:14","guid":{"rendered":"https:\/\/moroccotoursoperator.com\/politique-de-confidentialite\/"},"modified":"2024-02-16T17:02:30","modified_gmt":"2024-02-16T17:02:30","slug":"politique-de-confidentialite","status":"publish","type":"page","link":"https:\/\/moroccotoursoperator.com\/fr\/politique-de-confidentialite\/","title":{"rendered":"Politique de Confidentialit\u00e9"},"content":{"rendered":"\t\t<div data-elementor-type=\"wp-page\" data-elementor-id=\"9339\" class=\"elementor elementor-9339 elementor-2757\" data-elementor-post-type=\"page\">\n\t\t\t\t\t\t<section class=\"elementor-section elementor-top-section elementor-element elementor-element-5f0c19a1 elementor-section-height-min-height elementor-section-boxed elementor-section-height-default elementor-section-items-middle\" data-id=\"5f0c19a1\" data-element_type=\"section\" data-e-type=\"section\" data-settings=\"{&quot;background_background&quot;:&quot;classic&quot;}\">\n\t\t\t\t\t\t\t<div class=\"elementor-background-overlay\"><\/div>\n\t\t\t\t\t\t\t<div class=\"elementor-container elementor-column-gap-default\">\n\t\t\t\t\t<div class=\"elementor-column elementor-col-100 elementor-top-column elementor-element elementor-element-5c39b338\" data-id=\"5c39b338\" data-element_type=\"column\" data-e-type=\"column\">\n\t\t\t<div class=\"elementor-widget-wrap elementor-element-populated\">\n\t\t\t\t\t\t<div class=\"elementor-element elementor-element-6e20a0e3 elementor-widget elementor-widget-heading\" data-id=\"6e20a0e3\" data-element_type=\"widget\" data-e-type=\"widget\" data-widget_type=\"heading.default\">\n\t\t\t\t<div class=\"elementor-widget-container\">\n\t\t\t\t\t<span class=\"elementor-heading-title elementor-size-default\">Politique de Confidentialit\u00e9<\/span>\t\t\t\t<\/div>\n\t\t\t\t<\/div>\n\t\t\t\t\t<\/div>\n\t\t<\/div>\n\t\t\t\t\t<\/div>\n\t\t<\/section>\n\t\t\t\t<section class=\"elementor-section elementor-top-section elementor-element elementor-element-4ffe8ece elementor-section-full_width elementor-section-height-default elementor-section-height-default\" data-id=\"4ffe8ece\" data-element_type=\"section\" data-e-type=\"section\">\n\t\t\t\t\t\t<div class=\"elementor-container elementor-column-gap-default\">\n\t\t\t\t\t<div class=\"elementor-column elementor-col-100 elementor-top-column elementor-element elementor-element-3d50c83\" data-id=\"3d50c83\" data-element_type=\"column\" data-e-type=\"column\">\n\t\t\t<div class=\"elementor-widget-wrap elementor-element-populated\">\n\t\t\t\t\t\t<div class=\"elementor-element elementor-element-664b89e elementor-widget elementor-widget-text-editor\" data-id=\"664b89e\" data-element_type=\"widget\" data-e-type=\"widget\" data-widget_type=\"text-editor.default\">\n\t\t\t\t<div class=\"elementor-widget-container\">\n\t\t\t\t\t\t\t\t\t<h1>Politique de confidentialit\u00e9 du tour op\u00e9rateur au Maroc<\/h1>\n<p>Chez Morocco Tours Operator, accessible depuis https:\/\/moroccotoursoperator.com\/, l&rsquo;une de nos principales priorit\u00e9s est la confidentialit\u00e9 de nos visiteurs. Ce document de politique de confidentialit\u00e9 contient des types d&rsquo;informations collect\u00e9es et enregistr\u00e9es par Morocco Tours Operator et la mani\u00e8re dont nous les utilisons.<\/p>\n<p>Si vous avez des questions suppl\u00e9mentaires ou avez besoin de plus d&rsquo;informations sur notre politique de confidentialit\u00e9, n&rsquo;h\u00e9sitez pas \u00e0 nous contacter.<\/p>\n<p>Cette politique de confidentialit\u00e9 s&rsquo;applique uniquement \u00e0 nos activit\u00e9s en ligne et est valable pour les visiteurs de notre site Web en ce qui concerne les informations qu&rsquo;ils ont partag\u00e9es et\/ou collect\u00e9es au Maroc Tours Operator. Cette politique ne s&rsquo;applique pas aux informations collect\u00e9es hors ligne ou via des canaux autres que ce site Web.<\/p>\n<h2> <\/h2>\n<h2>Consentement<\/h2>\n<p>En utilisant notre site Web, vous consentez par la pr\u00e9sente \u00e0 notre politique de confidentialit\u00e9 et acceptez ses conditions.<\/p>\n<h2> <\/h2>\n<h2>Informations que nous collectons<\/h2>\n<p>Les informations personnelles que vous \u00eates invit\u00e9 \u00e0 fournir, et les raisons pour lesquelles il vous est demand\u00e9 de les fournir, vous seront clairement indiqu\u00e9es au moment o\u00f9 nous vous demanderons de fournir vos informations personnelles.<\/p>\n<p>Si vous nous contactez directement, nous pouvons recevoir des informations suppl\u00e9mentaires vous concernant, telles que votre nom, votre adresse e-mail, votre num\u00e9ro de t\u00e9l\u00e9phone, le contenu du message et\/ou des pi\u00e8ces jointes que vous pouvez nous envoyer, ainsi que toute autre information que vous pouvez choisir de fournir.<\/p>\n<p>Lorsque vous cr\u00e9ez un compte, nous pouvons vous demander vos coordonn\u00e9es, y compris des \u00e9l\u00e9ments tels que votre nom, le nom de votre entreprise, votre adresse, votre adresse e-mail et votre num\u00e9ro de t\u00e9l\u00e9phone.<\/p>\n<h2> <\/h2>\n<h2>Comment nous utilisons vos informations<\/h2>\n<p>Nous utilisons les informations que nous collectons de diverses mani\u00e8res, notamment pour :<\/p>\n<ul>\n<li>Fournir, exploiter et entretenir notre site Web<\/li>\n<li>Am\u00e9liorer, personnaliser et d\u00e9velopper notre site Web<\/li>\n<li>Comprendre et analyser la fa\u00e7on dont vous utilisez notre site Web<\/li>\n<li>D\u00e9velopper de nouveaux produits, services, fonctionnalit\u00e9s et fonctionnalit\u00e9s<\/li>\n<li>Communiquer avec vous, soit directement, soit par l&rsquo;interm\u00e9diaire de l&rsquo;un de nos partenaires, notamment pour le service client, pour vous fournir des mises \u00e0 jour et autres informations relatives au site Internet, ainsi qu&rsquo;\u00e0 des fins de marketing et de promotion.<\/li>\n<li>Vous envoyer des e-mails<\/li>\n<li>D\u00e9tecter et pr\u00e9venir la fraude<\/li>\n<\/ul>\n<h2> <\/h2>\n<h2>Fichiers journaux<\/h2>\n<p>Morocco Tours Operator suit une proc\u00e9dure standard d\u2019utilisation des fichiers journaux. Ces fichiers enregistrent les visiteurs lorsqu&rsquo;ils visitent des sites Web. Toutes les soci\u00e9t\u00e9s d&rsquo;h\u00e9bergement le font ainsi qu&rsquo;une partie des analyses des services d&rsquo;h\u00e9bergement. Les informations collect\u00e9es par les fichiers journaux incluent les adresses de protocole Internet (IP), le type de navigateur, le fournisseur d&rsquo;acc\u00e8s Internet (FAI), la date et l&rsquo;heure, les pages de r\u00e9f\u00e9rence\/de sortie et \u00e9ventuellement le nombre de clics. Ceux-ci ne sont li\u00e9s \u00e0 aucune information personnellement identifiable. Le but de ces informations est d&rsquo;analyser les tendances, d&rsquo;administrer le site, de suivre les mouvements des utilisateurs sur le site Web et de recueillir des informations d\u00e9mographiques.<\/p>\n<h2> <\/h2>\n<h2>Cookies et balises Web<\/h2>\n<p>Comme tout autre site Web, Morocco Tours Operator utilise des \u00ab cookies \u00bb. Ces cookies sont utilis\u00e9s pour stocker des informations, notamment les pr\u00e9f\u00e9rences des visiteurs et les pages du site Web auxquelles le visiteur a acc\u00e9d\u00e9 ou visit\u00e9. Les informations sont utilis\u00e9es pour optimiser l&rsquo;exp\u00e9rience des utilisateurs en personnalisant le contenu de notre page Web en fonction du type de navigateur des visiteurs et\/ou d&rsquo;autres informations.<\/p>\n<h2> <\/h2>\n<h2>Politiques de confidentialit\u00e9 des partenaires publicitaires<\/h2>\n<p>Vous pouvez consulter cette liste pour retrouver la Politique de Confidentialit\u00e9 de chacun des partenaires publicitaires de Morocco Tours Operator.<\/p>\n<p>Les serveurs publicitaires ou r\u00e9seaux publicitaires tiers utilisent des technologies telles que les cookies, JavaScript ou les balises Web qui sont utilis\u00e9es dans leurs publicit\u00e9s respectives et les liens qui apparaissent sur Morocco Tours Operator, qui sont envoy\u00e9s directement au navigateur des utilisateurs. Ils re\u00e7oivent automatiquement votre adresse IP lorsque cela se produit. Ces technologies sont utilis\u00e9es pour mesurer l&rsquo;efficacit\u00e9 de leurs campagnes publicitaires et\/ou pour personnaliser le contenu publicitaire que vous voyez sur les sites Web que vous visitez.<\/p>\n<p>Notez que Morocco Tours Operator n\u2019a aucun acc\u00e8s ni contr\u00f4le sur ces cookies qui sont utilis\u00e9s par des annonceurs tiers.<\/p>\n<h2> <\/h2>\n<h2>Politiques de confidentialit\u00e9 des tiers<\/h2>\n<p>La politique de confidentialit\u00e9 de Morocco Tours Operator ne s&rsquo;applique pas aux autres annonceurs ou sites Web. Ainsi, nous vous conseillons de consulter les politiques de confidentialit\u00e9 respectives de ces serveurs publicitaires tiers pour des informations plus d\u00e9taill\u00e9es. Il peut inclure leurs pratiques et instructions sur la mani\u00e8re de se d\u00e9sinscrire de certaines options.<\/p>\n<p>Vous pouvez choisir de d\u00e9sactiver les cookies via les options de votre navigateur individuel. Pour conna\u00eetre des informations plus d\u00e9taill\u00e9es sur la gestion des cookies avec des navigateurs Web sp\u00e9cifiques, elles peuvent \u00eatre trouv\u00e9es sur les sites Web respectifs des navigateurs.<\/p>\n<h2> <\/h2>\n<h2>Droits de confidentialit\u00e9 CCPA (Ne pas vendre mes informations personnelles)<\/h2>\n<p>En vertu du CCPA, entre autres droits, les consommateurs californiens ont le droit de :<\/p>\n<p>Demander \u00e0 une entreprise qui collecte les donn\u00e9es personnelles d&rsquo;un consommateur de divulguer les cat\u00e9gories et les \u00e9l\u00e9ments sp\u00e9cifiques de donn\u00e9es personnelles qu&rsquo;une entreprise a collect\u00e9es sur les consommateurs.<\/p>\n<p>Demander \u00e0 une entreprise de supprimer toutes les donn\u00e9es personnelles sur le consommateur qu&rsquo;elle a collect\u00e9es.<\/p>\n<p>Demander qu&rsquo;une entreprise qui vend les donn\u00e9es personnelles d&rsquo;un consommateur ne vende pas les donn\u00e9es personnelles du consommateur.<\/p>\n<p>Si vous faites une demande, nous avons un mois pour vous r\u00e9pondre. Si vous souhaitez exercer l\u2019un de ces droits, veuillez nous contacter.<\/p>\n<h2> <\/h2>\n<h2>Droits de protection des donn\u00e9es RGPD<\/h2>\n<p>Nous souhaitons nous assurer que vous connaissez pleinement tous vos droits en mati\u00e8re de protection des donn\u00e9es. Chaque utilisateur a droit aux \u00e9l\u00e9ments suivants :<\/p>\n<p>Le droit d\u2019acc\u00e8s \u2013 Vous avez le droit de demander des copies de vos donn\u00e9es personnelles. Nous pouvons vous facturer une somme modique pour ce service.<\/p>\n<p>Le droit de rectification \u2013 Vous avez le droit de demander que nous corrigions toute information que vous jugez inexacte. Vous avez \u00e9galement le droit de nous demander de compl\u00e9ter les informations que vous jugez incompl\u00e8tes.<\/p>\n<p>Le droit \u00e0 l\u2019effacement \u2013 Vous avez le droit de demander que nous supprimions vos donn\u00e9es personnelles, sous certaines conditions.<\/p>\n<p>Le droit de limiter le traitement \u2013 Vous avez le droit de demander que nous limitions le traitement de vos donn\u00e9es personnelles, sous certaines conditions.<\/p>\n<p>Le droit de vous opposer au traitement \u2013 Vous avez le droit de vous opposer au traitement de vos donn\u00e9es personnelles, sous certaines conditions.<\/p>\n<p>Le droit \u00e0 la portabilit\u00e9 des donn\u00e9es \u2013 Vous avez le droit de demander que nous transf\u00e9rions les donn\u00e9es que nous avons collect\u00e9es \u00e0 une autre organisation, ou directement \u00e0 vous, sous certaines conditions.<\/p>\n<p>Si vous faites une demande, nous avons un mois pour vous r\u00e9pondre. Si vous souhaitez exercer l\u2019un de ces droits, veuillez nous contacter.<\/p>\n<h2> <\/h2>\n<h2>Informations pour les enfants<\/h2>\n<p>Une autre partie de notre priorit\u00e9 consiste \u00e0 ajouter une protection aux enfants lorsqu\u2019ils utilisent Internet. Nous encourageons les parents et tuteurs \u00e0 observer, participer et\/ou surveiller et guider leur activit\u00e9 en ligne.<\/p>\n<p>Morocco Tours Operator ne collecte sciemment aucune information personnelle identifiable aupr\u00e8s d\u2019enfants de moins de 13 ans. Si vous pensez que votre enfant a fourni ce type d&rsquo;informations sur notre site Web, nous vous encourageons fortement \u00e0 nous contacter imm\u00e9diatement et nous ferons de notre mieux pour supprimer rapidement ces informations de nos dossiers.<\/p>\n\t\t\t\t\t\t\t\t<\/div>\n\t\t\t\t<\/div>\n\t\t\t\t\t<\/div>\n\t\t<\/div>\n\t\t\t\t\t<\/div>\n\t\t<\/section>\n\t\t\t\t<\/div>\n\t\t","protected":false},"excerpt":{"rendered":"<p>Politique de Confidentialit\u00e9 Politique de confidentialit\u00e9 du tour op\u00e9rateur au Maroc Chez Morocco Tours Operator, accessible depuis https:\/\/moroccotoursoperator.com\/, l&rsquo;une de nos principales priorit\u00e9s est la confidentialit\u00e9 de nos visiteurs. Ce document de politique de confidentialit\u00e9 contient des types d&rsquo;informations collect\u00e9es et enregistr\u00e9es par Morocco Tours Operator et la mani\u00e8re dont nous les utilisons. Si vous [&hellip;]<\/p>\n","protected":false},"author":1,"featured_media":0,"parent":0,"menu_order":0,"comment_status":"closed","ping_status":"closed","template":"elementor_header_footer","meta":{"site-sidebar-layout":"no-sidebar","site-content-layout":"page-builder","ast-site-content-layout":"default","site-content-style":"default","site-sidebar-style":"default","ast-global-header-display":"","ast-banner-title-visibility":"","ast-main-header-display":"","ast-hfb-above-header-display":"","ast-hfb-below-header-display":"","ast-hfb-mobile-header-display":"","site-post-title":"disabled","ast-breadcrumbs-content":"","ast-featured-img":"disabled","footer-sml-layout":"","ast-disable-related-posts":"","theme-transparent-header-meta":"","adv-header-id-meta":"","stick-header-meta":"","header-above-stick-meta":"","header-main-stick-meta":"","header-below-stick-meta":"","astra-migrate-meta-layouts":"default","ast-page-background-enabled":"default","ast-page-background-meta":{"desktop":{"background-color":"var(--ast-global-color-4)","background-image":"","background-repeat":"repeat","background-position":"center center","background-size":"auto","background-attachment":"scroll","background-type":"","background-media":"","overlay-type":"","overlay-color":"","overlay-opacity":"","overlay-gradient":""},"tablet":{"background-color":"","background-image":"","background-repeat":"repeat","background-position":"center center","background-size":"auto","background-attachment":"scroll","background-type":"","background-media":"","overlay-type":"","overlay-color":"","overlay-opacity":"","overlay-gradient":""},"mobile":{"background-color":"","background-image":"","background-repeat":"repeat","background-position":"center center","background-size":"auto","background-attachment":"scroll","background-type":"","background-media":"","overlay-type":"","overlay-color":"","overlay-opacity":"","overlay-gradient":""}},"ast-content-background-meta":{"desktop":{"background-color":"var(--ast-global-color-5)","background-image":"","background-repeat":"repeat","background-position":"center center","background-size":"auto","background-attachment":"scroll","background-type":"","background-media":"","overlay-type":"","overlay-color":"","overlay-opacity":"","overlay-gradient":""},"tablet":{"background-color":"var(--ast-global-color-5)","background-image":"","background-repeat":"repeat","background-position":"center center","background-size":"auto","background-attachment":"scroll","background-type":"","background-media":"","overlay-type":"","overlay-color":"","overlay-opacity":"","overlay-gradient":""},"mobile":{"background-color":"var(--ast-global-color-5)","background-image":"","background-repeat":"repeat","background-position":"center center","background-size":"auto","background-attachment":"scroll","background-type":"","background-media":"","overlay-type":"","overlay-color":"","overlay-opacity":"","overlay-gradient":""}},"_joinchat":[],"footnotes":""},"class_list":["post-9339","page","type-page","status-publish","hentry"],"_links":{"self":[{"href":"https:\/\/moroccotoursoperator.com\/fr\/wp-json\/wp\/v2\/pages\/9339","targetHints":{"allow":["GET"]}}],"collection":[{"href":"https:\/\/moroccotoursoperator.com\/fr\/wp-json\/wp\/v2\/pages"}],"about":[{"href":"https:\/\/moroccotoursoperator.com\/fr\/wp-json\/wp\/v2\/types\/page"}],"author":[{"embeddable":true,"href":"https:\/\/moroccotoursoperator.com\/fr\/wp-json\/wp\/v2\/users\/1"}],"replies":[{"embeddable":true,"href":"https:\/\/moroccotoursoperator.com\/fr\/wp-json\/wp\/v2\/comments?post=9339"}],"version-history":[{"count":0,"href":"https:\/\/moroccotoursoperator.com\/fr\/wp-json\/wp\/v2\/pages\/9339\/revisions"}],"wp:attachment":[{"href":"https:\/\/moroccotoursoperator.com\/fr\/wp-json\/wp\/v2\/media?parent=9339"}],"curies":[{"name":"wp","href":"https:\/\/api.w.org\/{rel}","templated":true}]}}