{"id":9233,"date":"2022-08-11T18:17:33","date_gmt":"2022-08-11T18:17:33","guid":{"rendered":"https:\/\/moroccotoursoperator.com\/excursions-au-depart-dagadir\/"},"modified":"2024-02-15T11:05:53","modified_gmt":"2024-02-15T11:05:53","slug":"circuits-depuis-agadir","status":"publish","type":"page","link":"https:\/\/moroccotoursoperator.com\/fr\/circuits-depuis-agadir\/","title":{"rendered":"Excursions au d\u00e9part d&rsquo;Agadir"},"content":{"rendered":"\t\t<div data-elementor-type=\"wp-page\" data-elementor-id=\"9233\" class=\"elementor elementor-9233 elementor-1723\" data-elementor-post-type=\"page\">\n\t\t\t\t\t\t<section class=\"elementor-section elementor-top-section elementor-element elementor-element-g70rrs1 elementor-section-height-min-height elementor-section-boxed elementor-section-height-default elementor-section-items-middle\" data-id=\"g70rrs1\" data-element_type=\"section\" data-e-type=\"section\" data-settings=\"{&quot;background_background&quot;:&quot;classic&quot;}\">\n\t\t\t\t\t\t\t<div class=\"elementor-background-overlay\"><\/div>\n\t\t\t\t\t\t\t<div class=\"elementor-container elementor-column-gap-default\">\n\t\t\t\t\t<div class=\"elementor-column elementor-col-100 elementor-top-column elementor-element elementor-element-09faee3\" data-id=\"09faee3\" data-element_type=\"column\" data-e-type=\"column\">\n\t\t\t<div class=\"elementor-widget-wrap elementor-element-populated\">\n\t\t\t\t\t\t<div class=\"elementor-element elementor-element-c7152a9 elementor-widget elementor-widget-heading\" data-id=\"c7152a9\" data-element_type=\"widget\" data-e-type=\"widget\" data-widget_type=\"heading.default\">\n\t\t\t\t<div class=\"elementor-widget-container\">\n\t\t\t\t\t<h2 class=\"elementor-heading-title elementor-size-default\">Excursions au d\u00e9part d'Agadir<\/h2>\t\t\t\t<\/div>\n\t\t\t\t<\/div>\n\t\t\t\t\t<\/div>\n\t\t<\/div>\n\t\t\t\t\t<\/div>\n\t\t<\/section>\n\t\t<div class=\"elementor-element elementor-element-bbf49f4 e-flex e-con-boxed e-con e-parent\" data-id=\"bbf49f4\" data-element_type=\"container\" data-e-type=\"container\">\n\t\t\t\t\t<div class=\"e-con-inner\">\n\t\t\t\t<div class=\"elementor-element elementor-element-028a6f0 elementor-widget elementor-widget-heading\" data-id=\"028a6f0\" data-element_type=\"widget\" data-e-type=\"widget\" data-widget_type=\"heading.default\">\n\t\t\t\t<div class=\"elementor-widget-container\">\n\t\t\t\t\t<h1 class=\"elementor-heading-title elementor-size-xl\">Les circuits au d\u00e9part d'Agadir vous permettent de d\u00e9couvrir la magie du Maroc.<\/h1>\t\t\t\t<\/div>\n\t\t\t\t<\/div>\n\t\t\t\t<div class=\"elementor-element elementor-element-add9626 elementor-widget elementor-widget-text-editor\" data-id=\"add9626\" data-element_type=\"widget\" data-e-type=\"widget\" data-widget_type=\"text-editor.default\">\n\t\t\t\t<div class=\"elementor-widget-container\">\n\t\t\t\t\t\t\t\t\t<p>Agadir est une ville c\u00f4ti\u00e8re dynamique situ\u00e9e dans la r\u00e9gion sud-ouest du Maroc, connue pour ses belles plages, son ensoleillement toute l&rsquo;ann\u00e9e et sa diversit\u00e9 culturelle. En tant que capitale de la r\u00e9gion Souss-Massa, Agadir est une destination touristique populaire avec une histoire riche et une \u00e9conomie moderne florissante. Avec son m\u00e9lange unique d&rsquo;influences berb\u00e8res, arabes et fran\u00e7aises, Agadir offre aux visiteurs une exp\u00e9rience culturelle v\u00e9ritablement immersive. De l&rsquo;exploration des march\u00e9s et des souks anim\u00e9s \u00e0 la d\u00e9gustation de la cuisine locale, les choses \u00e0 voir et \u00e0 faire ne manquent pas dans cette ville dynamique. Que vous recherchiez un <a href=\"https:\/\/moroccotoursoperator.com\/take-a-relaxing-health-vacation-in-morocco\/\">vacances relaxantes \u00e0 la plage<\/a> ou une aventure urbaine passionnante, Agadir a quelque chose \u00e0 offrir \u00e0 chacun.<\/p>\n\t\t\t\t\t\t\t\t<\/div>\n\t\t\t\t<\/div>\n\t\t\t\t\t<\/div>\n\t\t\t\t<\/div>\n\t\t<div class=\"elementor-element elementor-element-b9a60b4 e-flex e-con-boxed e-con e-parent\" data-id=\"b9a60b4\" data-element_type=\"container\" data-e-type=\"container\">\n\t\t\t\t\t<div class=\"e-con-inner\">\n\t\t\t\t<div class=\"elementor-element elementor-element-2f66846 elementor-alert-info elementor-widget elementor-widget-alert\" data-id=\"2f66846\" data-element_type=\"widget\" data-e-type=\"widget\" data-widget_type=\"alert.default\">\n\t\t\t\t<div class=\"elementor-widget-container\">\n\t\t\t\t\t\t\t<div class=\"elementor-alert\" role=\"alert\">\n\n\t\t\t\t\t\t<span class=\"elementor-alert-title\">Note<\/span>\n\t\t\t\n\t\t\t\t\t\t<span class=\"elementor-alert-description\"><p>Toutes nos visites sont adaptables \u00e0 vos besoins et exigences. Le co\u00fbt est d\u00e9termin\u00e9 par la cat\u00e9gorie d'h\u00e9bergement (Standard ou Sup\u00e9rieur). Contactez-nous pour plus d'informations.<\/p>\n<\/span>\n\t\t\t\n\t\t\t\n\t\t<\/div>\n\t\t\t\t\t\t<\/div>\n\t\t\t\t<\/div>\n\t\t\t\t\t<\/div>\n\t\t\t\t<\/div>\n\t\t<div class=\"elementor-element elementor-element-a7d35ea e-flex e-con-boxed e-con e-parent\" data-id=\"a7d35ea\" data-element_type=\"container\" data-e-type=\"container\">\n\t\t\t\t\t<div class=\"e-con-inner\">\n\t\t\t\t<div class=\"elementor-element elementor-element-9dbd102 elementor-grid-3 elementor-grid-tablet-2 elementor-grid-mobile-1 elementor-widget elementor-widget-loop-grid\" data-id=\"9dbd102\" data-element_type=\"widget\" data-e-type=\"widget\" data-settings=\"{&quot;template_id&quot;:9530,&quot;_skin&quot;:&quot;post&quot;,&quot;columns&quot;:&quot;3&quot;,&quot;columns_tablet&quot;:&quot;2&quot;,&quot;columns_mobile&quot;:&quot;1&quot;,&quot;edit_handle_selector&quot;:&quot;[data-elementor-type=\\&quot;loop-item\\&quot;]&quot;,&quot;row_gap&quot;:{&quot;unit&quot;:&quot;px&quot;,&quot;size&quot;:&quot;&quot;,&quot;sizes&quot;:[]},&quot;row_gap_tablet&quot;:{&quot;unit&quot;:&quot;px&quot;,&quot;size&quot;:&quot;&quot;,&quot;sizes&quot;:[]},&quot;row_gap_mobile&quot;:{&quot;unit&quot;:&quot;px&quot;,&quot;size&quot;:&quot;&quot;,&quot;sizes&quot;:[]}}\" data-widget_type=\"loop-grid.post\">\n\t\t\t\t<div class=\"elementor-widget-container\">\n\t\t\t\t\t\t\t<div class=\"e-loop-nothing-found-message\">\n\t\t<\/div>\n\t\t\t\t\t\t<\/div>\n\t\t\t\t<\/div>\n\t\t\t\t\t<\/div>\n\t\t\t\t<\/div>\n\t\t<div class=\"elementor-element elementor-element-44c7d63 e-flex e-con-boxed e-con e-parent\" data-id=\"44c7d63\" data-element_type=\"container\" data-e-type=\"container\">\n\t\t\t\t\t<div class=\"e-con-inner\">\n\t\t\t\t<div class=\"elementor-element elementor-element-f7f308a elementor-widget elementor-widget-heading\" data-id=\"f7f308a\" data-element_type=\"widget\" data-e-type=\"widget\" data-widget_type=\"heading.default\">\n\t\t\t\t<div class=\"elementor-widget-container\">\n\t\t\t\t\t<h2 class=\"elementor-heading-title elementor-size-default\">Qu'est-ce qui est g\u00e9n\u00e9ralement inclus dans ces excursions au Maroc au d\u00e9part d'Agadir ?<\/h2>\t\t\t\t<\/div>\n\t\t\t\t<\/div>\n\t\t\t\t<div class=\"elementor-element elementor-element-80a8934 elementor-widget elementor-widget-text-editor\" data-id=\"80a8934\" data-element_type=\"widget\" data-e-type=\"widget\" data-widget_type=\"text-editor.default\">\n\t\t\t\t<div class=\"elementor-widget-container\">\n\t\t\t\t\t\t\t\t\t<p>Selon l&rsquo;option de voyage que vous choisissez, nos excursions au d\u00e9part d&rsquo;Agadir incluent. Habituellement, l&rsquo;h\u00e9bergement que vous choisissez, qu&rsquo;il soit standard ou luxueux, a un effet significatif.<\/p>\n\t\t\t\t\t\t\t\t<\/div>\n\t\t\t\t<\/div>\n\t\t\t\t<div class=\"elementor-element elementor-element-bbb520a elementor-icon-list--layout-traditional elementor-list-item-link-full_width elementor-widget elementor-widget-icon-list\" data-id=\"bbb520a\" data-element_type=\"widget\" data-e-type=\"widget\" data-widget_type=\"icon-list.default\">\n\t\t\t\t<div class=\"elementor-widget-container\">\n\t\t\t\t\t\t\t<ul class=\"elementor-icon-list-items\">\n\t\t\t\t\t\t\t<li class=\"elementor-icon-list-item\">\n\t\t\t\t\t\t\t\t\t\t\t<span class=\"elementor-icon-list-icon\">\n\t\t\t\t\t\t\t<i aria-hidden=\"true\" class=\"fas fa-check\"><\/i>\t\t\t\t\t\t<\/span>\n\t\t\t\t\t\t\t\t\t\t<span class=\"elementor-icon-list-text\">Chauffeur\/guide francophone exp\u00e9riment\u00e9.<\/span>\n\t\t\t\t\t\t\t\t\t<\/li>\n\t\t\t\t\t\t\t\t<li class=\"elementor-icon-list-item\">\n\t\t\t\t\t\t\t\t\t\t\t<span class=\"elementor-icon-list-icon\">\n\t\t\t\t\t\t\t<i aria-hidden=\"true\" class=\"fas fa-check\"><\/i>\t\t\t\t\t\t<\/span>\n\t\t\t\t\t\t\t\t\t\t<span class=\"elementor-icon-list-text\">Prise en charge et retour \u00e0 votre h\u00e9bergement.<\/span>\n\t\t\t\t\t\t\t\t\t<\/li>\n\t\t\t\t\t\t\t\t<li class=\"elementor-icon-list-item\">\n\t\t\t\t\t\t\t\t\t\t\t<span class=\"elementor-icon-list-icon\">\n\t\t\t\t\t\t\t<i aria-hidden=\"true\" class=\"fas fa-check\"><\/i>\t\t\t\t\t\t<\/span>\n\t\t\t\t\t\t\t\t\t\t<span class=\"elementor-icon-list-text\">Transport priv\u00e9 confortable.<\/span>\n\t\t\t\t\t\t\t\t\t<\/li>\n\t\t\t\t\t\t\t\t<li class=\"elementor-icon-list-item\">\n\t\t\t\t\t\t\t\t\t\t\t<span class=\"elementor-icon-list-icon\">\n\t\t\t\t\t\t\t<i aria-hidden=\"true\" class=\"fas fa-check\"><\/i>\t\t\t\t\t\t<\/span>\n\t\t\t\t\t\t\t\t\t\t<span class=\"elementor-icon-list-text\">Chambre priv\u00e9e \u00e0 l'h\u00e9bergement (dans votre type de chambre pr\u00e9f\u00e9r\u00e9).<\/span>\n\t\t\t\t\t\t\t\t\t<\/li>\n\t\t\t\t\t\t\t\t<li class=\"elementor-icon-list-item\">\n\t\t\t\t\t\t\t\t\t\t\t<span class=\"elementor-icon-list-icon\">\n\t\t\t\t\t\t\t<i aria-hidden=\"true\" class=\"fas fa-check\"><\/i>\t\t\t\t\t\t<\/span>\n\t\t\t\t\t\t\t\t\t\t<span class=\"elementor-icon-list-text\">Tente priv\u00e9e au Desert Camp (dans votre type de tente pr\u00e9f\u00e9r\u00e9).<\/span>\n\t\t\t\t\t\t\t\t\t<\/li>\n\t\t\t\t\t\t\t\t<li class=\"elementor-icon-list-item\">\n\t\t\t\t\t\t\t\t\t\t\t<span class=\"elementor-icon-list-icon\">\n\t\t\t\t\t\t\t<i aria-hidden=\"true\" class=\"fas fa-check\"><\/i>\t\t\t\t\t\t<\/span>\n\t\t\t\t\t\t\t\t\t\t<span class=\"elementor-icon-list-text\">Balade \u00e0 dos de chameau (si le circuit inclut le d\u00e9sert).<\/span>\n\t\t\t\t\t\t\t\t\t<\/li>\n\t\t\t\t\t\t\t\t<li class=\"elementor-icon-list-item\">\n\t\t\t\t\t\t\t\t\t\t\t<span class=\"elementor-icon-list-icon\">\n\t\t\t\t\t\t\t<i aria-hidden=\"true\" class=\"fas fa-check\"><\/i>\t\t\t\t\t\t<\/span>\n\t\t\t\t\t\t\t\t\t\t<span class=\"elementor-icon-list-text\">Sandboard (si le tour comprend le d\u00e9sert)<\/span>\n\t\t\t\t\t\t\t\t\t<\/li>\n\t\t\t\t\t\t\t\t<li class=\"elementor-icon-list-item\">\n\t\t\t\t\t\t\t\t\t\t\t<span class=\"elementor-icon-list-icon\">\n\t\t\t\t\t\t\t<i aria-hidden=\"true\" class=\"fas fa-check\"><\/i>\t\t\t\t\t\t<\/span>\n\t\t\t\t\t\t\t\t\t\t<span class=\"elementor-icon-list-text\">Carburant.<\/span>\n\t\t\t\t\t\t\t\t\t<\/li>\n\t\t\t\t\t\t\t\t<li class=\"elementor-icon-list-item\">\n\t\t\t\t\t\t\t\t\t\t\t<span class=\"elementor-icon-list-icon\">\n\t\t\t\t\t\t\t<i aria-hidden=\"true\" class=\"fas fa-check\"><\/i>\t\t\t\t\t\t<\/span>\n\t\t\t\t\t\t\t\t\t\t<span class=\"elementor-icon-list-text\">Le d\u00eener et le petit-d\u00e9jeuner sont g\u00e9n\u00e9ralement inclus, sauf dans certaines villes imp\u00e9riales pour les grands circuits comme Casablanca, Rabat et Chefchaouen.<\/span>\n\t\t\t\t\t\t\t\t\t<\/li>\n\t\t\t\t\t\t<\/ul>\n\t\t\t\t\t\t<\/div>\n\t\t\t\t<\/div>\n\t\t\t\t<div class=\"elementor-element elementor-element-d576d21 elementor-widget elementor-widget-heading\" data-id=\"d576d21\" data-element_type=\"widget\" data-e-type=\"widget\" data-widget_type=\"heading.default\">\n\t\t\t\t<div class=\"elementor-widget-container\">\n\t\t\t\t\t<h2 class=\"elementor-heading-title elementor-size-default\">Que dois-je emporter pour ma nuit dans le d\u00e9sert ?<\/h2>\t\t\t\t<\/div>\n\t\t\t\t<\/div>\n\t\t\t\t<div class=\"elementor-element elementor-element-532ee86 elementor-widget elementor-widget-text-editor\" data-id=\"532ee86\" data-element_type=\"widget\" data-e-type=\"widget\" data-widget_type=\"text-editor.default\">\n\t\t\t\t<div class=\"elementor-widget-container\">\n\t\t\t\t\t\t\t\t\t<p>Que dois-je emporter pour ma nuit dans le d\u00e9sert ? Les sacs de couchage ne sont pas n\u00e9cessaires. De vrais matelas, oreillers et grandes couvertures sont fournis, entre autres \u00e9quipements, dans les camping-cars ordinaires et de luxe.<\/p>\n<p>Nous vous conseillons de porter un pantalon long, des chaussures confortables, des lunettes de soleil, un chapeau (surtout en \u00e9t\u00e9), de la cr\u00e8me solaire et un petit sac \u00e0 dos pour transporter vos affaires.<\/p>\n\t\t\t\t\t\t\t\t<\/div>\n\t\t\t\t<\/div>\n\t\t\t\t<div class=\"elementor-element elementor-element-6a478e6 elementor-widget elementor-widget-heading\" data-id=\"6a478e6\" data-element_type=\"widget\" data-e-type=\"widget\" data-widget_type=\"heading.default\">\n\t\t\t\t<div class=\"elementor-widget-container\">\n\t\t\t\t\t<h2 class=\"elementor-heading-title elementor-size-default\">Qu'est-ce qui distingue le camp standard des camps de luxe ?<\/h2>\t\t\t\t<\/div>\n\t\t\t\t<\/div>\n\t\t\t\t<div class=\"elementor-element elementor-element-ff97fdc elementor-widget elementor-widget-text-editor\" data-id=\"ff97fdc\" data-element_type=\"widget\" data-e-type=\"widget\" data-widget_type=\"text-editor.default\">\n\t\t\t\t<div class=\"elementor-widget-container\">\n\t\t\t\t\t\t\t\t\t<p><span style=\"text-decoration: underline;\"><strong>Campement standard:<\/strong><\/span> Si les installations et les toilettes sont s\u00e9par\u00e9es et communes, les tentes sont priv\u00e9es.<\/p>\n<p><span style=\"text-decoration: underline;\"><strong>Camp de luxe:<\/strong><\/span> Chaque tente dispose de ses propres toilettes, salle de bain et eau chaude priv\u00e9es. Les tentes sont priv\u00e9es et un peu plus grandes. Une connexion WIFI et un emplacement pour recharger votre t\u00e9l\u00e9phone et votre appareil photo sont \u00e9galement disponibles.<\/p>\n\t\t\t\t\t\t\t\t<\/div>\n\t\t\t\t<\/div>\n\t\t\t\t<div class=\"elementor-element elementor-element-7f5f96c elementor-widget elementor-widget-heading\" data-id=\"7f5f96c\" data-element_type=\"widget\" data-e-type=\"widget\" data-widget_type=\"heading.default\">\n\t\t\t\t<div class=\"elementor-widget-container\">\n\t\t\t\t\t<h2 class=\"elementor-heading-title elementor-size-default\">Comment se d\u00e9roule la proc\u00e9dure de r\u00e9servation ?<\/h2>\t\t\t\t<\/div>\n\t\t\t\t<\/div>\n\t\t\t\t<div class=\"elementor-element elementor-element-3485aee elementor-widget elementor-widget-text-editor\" data-id=\"3485aee\" data-element_type=\"widget\" data-e-type=\"widget\" data-widget_type=\"text-editor.default\">\n\t\t\t\t<div class=\"elementor-widget-container\">\n\t\t\t\t\t\t\t\t\t<p>R\u00e9servation gratuite ! En r\u00e8gle g\u00e9n\u00e9rale, nous exigeons un paiement minimum via Paypal, Wise ou virement bancaire pour r\u00e9server une excursion. Le solde restant doit \u00eatre pay\u00e9 en esp\u00e8ces \u00e0 votre chauffeur ou guide au moment de la prise en charge.<\/p>\n<p>Le paiement du d\u00e9p\u00f4t est gratuit et vous pouvez utiliser Wise ou Paypal pour \u00e9conomiser beaucoup d&rsquo;argent en payant la totalit\u00e9 du montant ou seulement une partie de celui-ci.<\/p>\n<ul>\n<li>Pour les paiements, visitez la page suivante <span style=\"text-decoration: underline;\"><a href=\"https:\/\/moroccotoursoperator.com\/payment-and-cancellation-policies\/\">Cliquez ici<\/a><\/span>.<\/li>\n<\/ul>\n\t\t\t\t\t\t\t\t<\/div>\n\t\t\t\t<\/div>\n\t\t\t\t<div class=\"elementor-element elementor-element-95c5d32 elementor-widget elementor-widget-heading\" data-id=\"95c5d32\" data-element_type=\"widget\" data-e-type=\"widget\" data-widget_type=\"heading.default\">\n\t\t\t\t<div class=\"elementor-widget-container\">\n\t\t\t\t\t<h2 class=\"elementor-heading-title elementor-size-default\">Cliquez ici<\/h2>\t\t\t\t<\/div>\n\t\t\t\t<\/div>\n\t\t\t\t<div class=\"elementor-element elementor-element-6eda2ff elementor-widget elementor-widget-text-editor\" data-id=\"6eda2ff\" data-element_type=\"widget\" data-e-type=\"widget\" data-widget_type=\"text-editor.default\">\n\t\t\t\t<div class=\"elementor-widget-container\">\n\t\t\t\t\t\t\t\t\t<p>Veuillez annuler au moins 15 jours avant la date du voyage pour obtenir un remboursement complet. L&rsquo;acompte n&rsquo;est pas remboursable si vous annulez moins de 15 jours avant votre voyage, mais il reste utilisable si vous d\u00e9cidez de reprogrammer.<\/p>\n<ul>\n<li>Pour plus d\u2019informations sur l\u2019annulation, visitez la page par <a href=\"https:\/\/moroccotoursoperator.com\/payment-and-cancellation-policies\/\"><span style=\"text-decoration: underline;\">en cliquant ici<\/span><\/a>.<\/li>\n<\/ul>\n\t\t\t\t\t\t\t\t<\/div>\n\t\t\t\t<\/div>\n\t\t\t\t<div class=\"elementor-element elementor-element-557c76b elementor-widget elementor-widget-heading\" data-id=\"557c76b\" data-element_type=\"widget\" data-e-type=\"widget\" data-widget_type=\"heading.default\">\n\t\t\t\t<div class=\"elementor-widget-container\">\n\t\t\t\t\t<h2 class=\"elementor-heading-title elementor-size-default\">Y a-t-il des activit\u00e9s suppl\u00e9mentaires au Maroc ?<\/h2>\t\t\t\t<\/div>\n\t\t\t\t<\/div>\n\t\t\t\t<div class=\"elementor-element elementor-element-74ac5f3 elementor-widget elementor-widget-text-editor\" data-id=\"74ac5f3\" data-element_type=\"widget\" data-e-type=\"widget\" data-widget_type=\"text-editor.default\">\n\t\t\t\t<div class=\"elementor-widget-container\">\n\t\t\t\t\t\t\t\t\t<p>Notre agence de voyages est sp\u00e9cialis\u00e9e dans les excursions d&rsquo;une journ\u00e9e au d\u00e9part de Marrakech ainsi que dans les activit\u00e9s de Marrakech et propose des circuits depuis divers endroits au Maroc.<\/p>\n<p>\u00c0 partir des villes suivantes, nous proposons des circuits au Maroc :<\/p>\n<ul>\n<li><span style=\"text-decoration: underline;\"><a href=\"https:\/\/moroccotoursoperator.com\/luxury-tours-from-ouarzazate\/\">Excursions au d\u00e9part de Ouarzazate<\/a><\/span><\/li>\n<li><a href=\"https:\/\/moroccotoursoperator.com\/tours-from-marrakech\/\"><span style=\"text-decoration: underline;\">Circuits au d\u00e9part de Marrakech<\/span><\/a><\/li>\n<li><a href=\"https:\/\/moroccotoursoperator.com\/tours-from-fes\/\"><span style=\"text-decoration: underline;\">Excursions au d\u00e9part de F\u00e8s<\/span><\/a><\/li>\n<li><a href=\"https:\/\/moroccotoursoperator.com\/fr\/excursions-au-depart-de-casablanca\/\"><span style=\"text-decoration: underline;\">Excursions au d\u00e9part de Casablanca<\/span><\/a><\/li>\n<li><span style=\"text-decoration: underline;\"><a href=\"https:\/\/moroccotoursoperator.com\/tours-from-tangier\/\">Excursions au d\u00e9part de Tanger<\/a><\/span><\/li>\n<\/ul>\n<p>Si vous \u00eates \u00e0 Marrakech ou planifiez un voyage l\u00e0-bas mais que vous ne savez pas quoi faire, consultez ces pages:<\/p>\n<ul>\n<li><span style=\"text-decoration: underline;\"><a href=\"https:\/\/moroccotoursoperator.com\/fr\/excursions-dune-journee-au-maroc\/\">Excursions d&rsquo;une journ\u00e9e \u00e0 Marrakech<\/a><\/span><\/li>\n<li><span style=\"text-decoration: underline;\"><a href=\"https:\/\/moroccotoursoperator.com\/fr\/vacances-activites-au-maroc\/\">Marrakech Activit\u00e9s \u00e0 faire<\/a><\/span><\/li>\n<\/ul>\n\t\t\t\t\t\t\t\t<\/div>\n\t\t\t\t<\/div>\n\t\t\t\t\t<\/div>\n\t\t\t\t<\/div>\n\t\t\t\t<\/div>\n\t\t","protected":false},"excerpt":{"rendered":"<p>Excursions au d\u00e9part d&rsquo;Agadir Les circuits au d\u00e9part d&rsquo;Agadir vous permettent de d\u00e9couvrir la magie du Maroc. Agadir est une ville c\u00f4ti\u00e8re dynamique situ\u00e9e dans la r\u00e9gion sud-ouest du Maroc, connue pour ses belles plages, son ensoleillement toute l&rsquo;ann\u00e9e et sa diversit\u00e9 culturelle. En tant que capitale de la r\u00e9gion Souss-Massa, Agadir est une destination [&hellip;]<\/p>\n","protected":false},"author":1,"featured_media":8329,"parent":0,"menu_order":0,"comment_status":"closed","ping_status":"closed","template":"","meta":{"site-sidebar-layout":"no-sidebar","site-content-layout":"page-builder","ast-site-content-layout":"default","site-content-style":"default","site-sidebar-style":"default","ast-global-header-display":"","ast-banner-title-visibility":"","ast-main-header-display":"","ast-hfb-above-header-display":"","ast-hfb-below-header-display":"","ast-hfb-mobile-header-display":"","site-post-title":"disabled","ast-breadcrumbs-content":"","ast-featured-img":"disabled","footer-sml-layout":"","ast-disable-related-posts":"","theme-transparent-header-meta":"","adv-header-id-meta":"","stick-header-meta":"","header-above-stick-meta":"","header-main-stick-meta":"","header-below-stick-meta":"","astra-migrate-meta-layouts":"default","ast-page-background-enabled":"default","ast-page-background-meta":{"desktop":{"background-color":"var(--ast-global-color-4)","background-image":"","background-repeat":"repeat","background-position":"center center","background-size":"auto","background-attachment":"scroll","background-type":"","background-media":"","overlay-type":"","overlay-color":"","overlay-opacity":"","overlay-gradient":""},"tablet":{"background-color":"","background-image":"","background-repeat":"repeat","background-position":"center center","background-size":"auto","background-attachment":"scroll","background-type":"","background-media":"","overlay-type":"","overlay-color":"","overlay-opacity":"","overlay-gradient":""},"mobile":{"background-color":"","background-image":"","background-repeat":"repeat","background-position":"center center","background-size":"auto","background-attachment":"scroll","background-type":"","background-media":"","overlay-type":"","overlay-color":"","overlay-opacity":"","overlay-gradient":""}},"ast-content-background-meta":{"desktop":{"background-color":"var(--ast-global-color-5)","background-image":"","background-repeat":"repeat","background-position":"center center","background-size":"auto","background-attachment":"scroll","background-type":"","background-media":"","overlay-type":"","overlay-color":"","overlay-opacity":"","overlay-gradient":""},"tablet":{"background-color":"var(--ast-global-color-5)","background-image":"","background-repeat":"repeat","background-position":"center center","background-size":"auto","background-attachment":"scroll","background-type":"","background-media":"","overlay-type":"","overlay-color":"","overlay-opacity":"","overlay-gradient":""},"mobile":{"background-color":"var(--ast-global-color-5)","background-image":"","background-repeat":"repeat","background-position":"center center","background-size":"auto","background-attachment":"scroll","background-type":"","background-media":"","overlay-type":"","overlay-color":"","overlay-opacity":"","overlay-gradient":""}},"_joinchat":[],"footnotes":""},"class_list":["post-9233","page","type-page","status-publish","has-post-thumbnail","hentry"],"_links":{"self":[{"href":"https:\/\/moroccotoursoperator.com\/fr\/wp-json\/wp\/v2\/pages\/9233","targetHints":{"allow":["GET"]}}],"collection":[{"href":"https:\/\/moroccotoursoperator.com\/fr\/wp-json\/wp\/v2\/pages"}],"about":[{"href":"https:\/\/moroccotoursoperator.com\/fr\/wp-json\/wp\/v2\/types\/page"}],"author":[{"embeddable":true,"href":"https:\/\/moroccotoursoperator.com\/fr\/wp-json\/wp\/v2\/users\/1"}],"replies":[{"embeddable":true,"href":"https:\/\/moroccotoursoperator.com\/fr\/wp-json\/wp\/v2\/comments?post=9233"}],"version-history":[{"count":0,"href":"https:\/\/moroccotoursoperator.com\/fr\/wp-json\/wp\/v2\/pages\/9233\/revisions"}],"wp:featuredmedia":[{"embeddable":true,"href":"https:\/\/moroccotoursoperator.com\/fr\/wp-json\/wp\/v2\/media\/8329"}],"wp:attachment":[{"href":"https:\/\/moroccotoursoperator.com\/fr\/wp-json\/wp\/v2\/media?parent=9233"}],"curies":[{"name":"wp","href":"https:\/\/api.w.org\/{rel}","templated":true}]}}