{"id":9392,"date":"2024-02-08T14:05:05","date_gmt":"2024-02-08T14:05:05","guid":{"rendered":"https:\/\/moroccotoursoperator.com\/pagar-deposito\/"},"modified":"2024-02-19T09:32:20","modified_gmt":"2024-02-19T09:32:20","slug":"pagar-deposito","status":"publish","type":"page","link":"https:\/\/moroccotoursoperator.com\/es\/pagar-deposito\/","title":{"rendered":"Pagar Dep\u00f3sito"},"content":{"rendered":"\t\t<div data-elementor-type=\"wp-page\" data-elementor-id=\"9392\" class=\"elementor elementor-9392 elementor-8040\" data-elementor-post-type=\"page\">\n\t\t\t\t\t\t<section class=\"elementor-section elementor-top-section elementor-element elementor-element-bed2b0b elementor-section-height-min-height elementor-section-boxed elementor-section-height-default elementor-section-items-middle\" data-id=\"bed2b0b\" data-element_type=\"section\" data-e-type=\"section\" data-settings=\"{&quot;background_background&quot;:&quot;classic&quot;}\">\n\t\t\t\t\t\t\t<div class=\"elementor-background-overlay\"><\/div>\n\t\t\t\t\t\t\t<div class=\"elementor-container elementor-column-gap-default\">\n\t\t\t\t\t<div class=\"elementor-column elementor-col-100 elementor-top-column elementor-element elementor-element-e4d0d8f\" data-id=\"e4d0d8f\" data-element_type=\"column\" data-e-type=\"column\">\n\t\t\t<div class=\"elementor-widget-wrap elementor-element-populated\">\n\t\t\t\t\t\t<div class=\"elementor-element elementor-element-b90e67c elementor-widget elementor-widget-heading\" data-id=\"b90e67c\" data-element_type=\"widget\" data-e-type=\"widget\" data-widget_type=\"heading.default\">\n\t\t\t\t<div class=\"elementor-widget-container\">\n\t\t\t\t\t<span class=\"elementor-heading-title elementor-size-default\">Pagar Dep\u00f3sito<\/span>\t\t\t\t<\/div>\n\t\t\t\t<\/div>\n\t\t\t\t\t<\/div>\n\t\t<\/div>\n\t\t\t\t\t<\/div>\n\t\t<\/section>\n\t\t<div class=\"elementor-element elementor-element-574bf4d e-flex e-con-boxed e-con e-parent\" data-id=\"574bf4d\" data-element_type=\"container\" data-e-type=\"container\">\n\t\t\t\t\t<div class=\"e-con-inner\">\n\t\t<div class=\"elementor-element elementor-element-b1718ac e-con-full e-flex e-con e-child\" data-id=\"b1718ac\" data-element_type=\"container\" data-e-type=\"container\">\n\t\t\t\t<div class=\"elementor-element elementor-element-a6ca6a8 elementor-widget__width-inherit elementor-widget elementor-widget-heading\" data-id=\"a6ca6a8\" data-element_type=\"widget\" data-e-type=\"widget\" data-widget_type=\"heading.default\">\n\t\t\t\t<div class=\"elementor-widget-container\">\n\t\t\t\t\t<h1 class=\"elementor-heading-title elementor-size-default\">\u00a1Paga tu Dep\u00f3sito!<\/h1>\t\t\t\t<\/div>\n\t\t\t\t<\/div>\n\t\t\t\t<div class=\"elementor-element elementor-element-8beeb93 elementor-widget__width-initial elementor-widget elementor-widget-text-editor\" data-id=\"8beeb93\" data-element_type=\"widget\" data-e-type=\"widget\" data-widget_type=\"text-editor.default\">\n\t\t\t\t<div class=\"elementor-widget-container\">\n\t\t\t\t\t\t\t\t\t<p>Cons\u00faltenos el monto del dep\u00f3sito que debe pagar y tambi\u00e9n el nombre del tour, puede pagar con PayPal o tarjeta de cr\u00e9dito.<\/p>\n\t\t\t\t\t\t\t\t<\/div>\n\t\t\t\t<\/div>\n\t\t\t\t<div class=\"elementor-element elementor-element-917d257 elementor-widget__width-initial elementor-widget elementor-widget-shortcode\" data-id=\"917d257\" data-element_type=\"widget\" data-e-type=\"widget\" data-widget_type=\"shortcode.default\">\n\t\t\t\t<div class=\"elementor-widget-container\">\n\t\t\t\t\t\t\t<div class=\"elementor-shortcode\"><div class=\"forminator-ui forminator-custom-form forminator-custom-form-8039 forminator-design--default  forminator_ajax\" data-forminator-render=\"0\" data-form=\"forminator-module-8039\" data-uid=\"69d8c996757cb\"><br\/><\/div><form\n\t\t\t\tid=\"forminator-module-8039\"\n\t\t\t\tclass=\"forminator-ui forminator-custom-form forminator-custom-form-8039 forminator-design--default  forminator_ajax\"\n\t\t\t\tmethod=\"post\"\n\t\t\t\tdata-forminator-render=\"0\"\n\t\t\t\tdata-form-id=\"8039\"\n\t\t\t\t data-color-option=\"default\" data-design=\"default\" data-grid=\"open\" style=\"display: none;\"\n\t\t\t\tdata-uid=\"69d8c996757cb\"\n\t\t\t><div role=\"alert\" aria-live=\"polite\" class=\"forminator-response-message forminator-error\" aria-hidden=\"true\"><\/div><div class=\"forminator-row\"><div id=\"name-1\" class=\"forminator-field-name forminator-col forminator-col-6 \"><div class=\"forminator-field\"><label for=\"forminator-field-name-1_69d8c996757cb\" id=\"forminator-field-name-1_69d8c996757cb-label\" class=\"forminator-label\">Full Name <span class=\"forminator-required\">*<\/span><\/label><input type=\"text\" name=\"name-1\" value=\"\" placeholder=\"\" id=\"forminator-field-name-1_69d8c996757cb\" class=\"forminator-input forminator-name--field\" aria-required=\"true\" autocomplete=\"name\" \/><\/div><\/div><div id=\"email-1\" class=\"forminator-field-email forminator-col forminator-col-6 \"><div class=\"forminator-field\"><label for=\"forminator-field-email-1_69d8c996757cb\" id=\"forminator-field-email-1_69d8c996757cb-label\" class=\"forminator-label\">Email Address <span class=\"forminator-required\">*<\/span><\/label><input type=\"email\" name=\"email-1\" value=\"\" placeholder=\"\" id=\"forminator-field-email-1_69d8c996757cb\" class=\"forminator-input forminator-email--field\" data-required=\"1\" aria-required=\"true\" autocomplete=\"email\" \/><\/div><\/div><\/div><div class=\"forminator-row\"><div id=\"text-1\" class=\"forminator-field-text forminator-col forminator-col-12 \"><div class=\"forminator-field\"><label for=\"forminator-field-text-1_69d8c996757cb\" id=\"forminator-field-text-1_69d8c996757cb-label\" class=\"forminator-label\">Tour Name <span class=\"forminator-required\">*<\/span><\/label><input type=\"text\" name=\"text-1\" value=\"\" placeholder=\"\" id=\"forminator-field-text-1_69d8c996757cb\" class=\"forminator-input forminator-name--field\" data-required=\"1\" \/><\/div><\/div><\/div><div class=\"forminator-row\"><div id=\"number-1\" class=\"forminator-field-number forminator-col forminator-col-12 \"><div class=\"forminator-field\"><label for=\"forminator-field-number-1_69d8c996757cb\" id=\"forminator-field-number-1_69d8c996757cb-label\" class=\"forminator-label\">Deposit Amount <span class=\"forminator-required\">*<\/span><\/label><input name=\"number-1\" value=\"\" placeholder=\"\" id=\"forminator-field-number-1_69d8c996757cb\" class=\"forminator-input forminator-number--field\" inputmode=\"decimal\" data-required=\"1\" data-decimals=\"0\" aria-required=\"true\" data-inputmask=\"&#039;groupSeparator&#039;: &#039;.&#039;, &#039;radixPoint&#039;: &#039;&#039;, &#039;digits&#039;: &#039;0&#039;\" data-hidden-behavior=\"zero\" \/><\/div><\/div><\/div><div class=\"forminator-row forminator-hidden\"><div id=\"paypal-1\" class=\"forminator-field-paypal  forminator-col-12 \"><input type=\"hidden\" name=\"paypal-1\" id=\"forminator-paypal-1-field_69d8c996757cb\" class=\"forminator-paypal-input\" data-is-payment=\"true\" data-payment-type=\"paypal\" data-currency=\"eur\" data-amount-type=\"variable\" data-amount=\"number-1\" data-label=\"\" data-locale=\"en\" value=\"\" \/><\/div><\/div><input type=\"hidden\" name=\"referer_url\" value=\"\" \/><input type=\"hidden\" name=\"payment_gateway_total\" value=\"\" \/><div class=\"forminator-row forminator-paypal-row\"><div class=\"forminator-col forminator-col-12\"><div class=\"forminator-field\"><div id=\"paypal-button-container-8039_69d8c996757cb\" class=\"paypal-1-payment forminator-button-paypal\"><\/div><\/div><\/div><\/div><div class=\"forminator-row forminator-row-last\"><div class=\"forminator-col\"><div class=\"forminator-field\"><button class=\"forminator-button forminator-button-submit\">Pay Now!<\/button><\/div><\/div><\/div><input type=\"hidden\" id=\"forminator_nonce\" name=\"forminator_nonce\" value=\"e3d5511796\" \/><input type=\"hidden\" name=\"_wp_http_referer\" value=\"\/es\/wp-json\/wp\/v2\/pages\/9392\" \/><input type=\"hidden\" name=\"form_id\" value=\"8039\"><input type=\"hidden\" name=\"page_id\" value=\"9392\"><input type=\"hidden\" name=\"form_type\" value=\"default\"><input type=\"hidden\" name=\"current_url\" value=\"https:\/\/moroccotoursoperator.com\/es\/pagar-deposito\/\"><input type=\"hidden\" name=\"render_id\" value=\"0\"><input type=\"hidden\" name=\"action\" value=\"forminator_submit_form_custom-forms\"><label for=\"input_6\" class=\"forminator-hidden\" aria-hidden=\"true\">Por favor, no rellenes este campo. <input id=\"input_6\" type=\"text\" name=\"input_6\" value=\"\" autocomplete=\"off\"><\/label><\/form><\/div>\n\t\t\t\t\t\t<\/div>\n\t\t\t\t<\/div>\n\t\t\t\t<\/div>\n\t\t\t\t\t<\/div>\n\t\t\t\t<\/div>\n\t\t\t\t<\/div>\n\t\t","protected":false},"excerpt":{"rendered":"<p>Pagar Dep\u00f3sito \u00a1Paga tu Dep\u00f3sito! Cons\u00faltenos el monto del dep\u00f3sito que debe pagar y tambi\u00e9n el nombre del tour, puede pagar con PayPal o tarjeta de cr\u00e9dito.<\/p>\n","protected":false},"author":1,"featured_media":0,"parent":0,"menu_order":0,"comment_status":"closed","ping_status":"closed","template":"","meta":{"site-sidebar-layout":"no-sidebar","site-content-layout":"page-builder","ast-site-content-layout":"full-width-container","site-content-style":"default","site-sidebar-style":"default","ast-global-header-display":"","ast-banner-title-visibility":"","ast-main-header-display":"","ast-hfb-above-header-display":"","ast-hfb-below-header-display":"","ast-hfb-mobile-header-display":"","site-post-title":"disabled","ast-breadcrumbs-content":"","ast-featured-img":"disabled","footer-sml-layout":"","ast-disable-related-posts":"","theme-transparent-header-meta":"","adv-header-id-meta":"","stick-header-meta":"","header-above-stick-meta":"","header-main-stick-meta":"","header-below-stick-meta":"","astra-migrate-meta-layouts":"default","ast-page-background-enabled":"default","ast-page-background-meta":{"desktop":{"background-color":"var(--ast-global-color-4)","background-image":"","background-repeat":"repeat","background-position":"center center","background-size":"auto","background-attachment":"scroll","background-type":"","background-media":"","overlay-type":"","overlay-color":"","overlay-opacity":"","overlay-gradient":""},"tablet":{"background-color":"","background-image":"","background-repeat":"repeat","background-position":"center center","background-size":"auto","background-attachment":"scroll","background-type":"","background-media":"","overlay-type":"","overlay-color":"","overlay-opacity":"","overlay-gradient":""},"mobile":{"background-color":"","background-image":"","background-repeat":"repeat","background-position":"center center","background-size":"auto","background-attachment":"scroll","background-type":"","background-media":"","overlay-type":"","overlay-color":"","overlay-opacity":"","overlay-gradient":""}},"ast-content-background-meta":{"desktop":{"background-color":"var(--ast-global-color-5)","background-image":"","background-repeat":"repeat","background-position":"center center","background-size":"auto","background-attachment":"scroll","background-type":"","background-media":"","overlay-type":"","overlay-color":"","overlay-opacity":"","overlay-gradient":""},"tablet":{"background-color":"var(--ast-global-color-5)","background-image":"","background-repeat":"repeat","background-position":"center center","background-size":"auto","background-attachment":"scroll","background-type":"","background-media":"","overlay-type":"","overlay-color":"","overlay-opacity":"","overlay-gradient":""},"mobile":{"background-color":"var(--ast-global-color-5)","background-image":"","background-repeat":"repeat","background-position":"center center","background-size":"auto","background-attachment":"scroll","background-type":"","background-media":"","overlay-type":"","overlay-color":"","overlay-opacity":"","overlay-gradient":""}},"_joinchat":[],"footnotes":""},"class_list":["post-9392","page","type-page","status-publish","hentry"],"_links":{"self":[{"href":"https:\/\/moroccotoursoperator.com\/es\/wp-json\/wp\/v2\/pages\/9392","targetHints":{"allow":["GET"]}}],"collection":[{"href":"https:\/\/moroccotoursoperator.com\/es\/wp-json\/wp\/v2\/pages"}],"about":[{"href":"https:\/\/moroccotoursoperator.com\/es\/wp-json\/wp\/v2\/types\/page"}],"author":[{"embeddable":true,"href":"https:\/\/moroccotoursoperator.com\/es\/wp-json\/wp\/v2\/users\/1"}],"replies":[{"embeddable":true,"href":"https:\/\/moroccotoursoperator.com\/es\/wp-json\/wp\/v2\/comments?post=9392"}],"version-history":[{"count":0,"href":"https:\/\/moroccotoursoperator.com\/es\/wp-json\/wp\/v2\/pages\/9392\/revisions"}],"wp:attachment":[{"href":"https:\/\/moroccotoursoperator.com\/es\/wp-json\/wp\/v2\/media?parent=9392"}],"curies":[{"name":"wp","href":"https:\/\/api.w.org\/{rel}","templated":true}]}}