{"id":9384,"date":"2022-12-17T09:27:17","date_gmt":"2022-12-17T09:27:17","guid":{"rendered":"https:\/\/moroccotoursoperator.com\/terminos-y-condiciones\/"},"modified":"2024-02-19T09:27:30","modified_gmt":"2024-02-19T09:27:30","slug":"terminos-y-condiciones","status":"publish","type":"page","link":"https:\/\/moroccotoursoperator.com\/es\/terminos-y-condiciones\/","title":{"rendered":"T\u00e9rminos y Condiciones"},"content":{"rendered":"\t\t<div data-elementor-type=\"wp-page\" data-elementor-id=\"9384\" class=\"elementor elementor-9384 elementor-2798\" data-elementor-post-type=\"page\">\n\t\t\t\t\t\t<section class=\"elementor-section elementor-top-section elementor-element elementor-element-41d8bf15 elementor-section-height-min-height elementor-section-boxed elementor-section-height-default elementor-section-items-middle\" data-id=\"41d8bf15\" data-element_type=\"section\" data-e-type=\"section\" data-settings=\"{&quot;background_background&quot;:&quot;classic&quot;}\">\n\t\t\t\t\t\t\t<div class=\"elementor-background-overlay\"><\/div>\n\t\t\t\t\t\t\t<div class=\"elementor-container elementor-column-gap-default\">\n\t\t\t\t\t<div class=\"elementor-column elementor-col-100 elementor-top-column elementor-element elementor-element-7f4f4eea\" data-id=\"7f4f4eea\" data-element_type=\"column\" data-e-type=\"column\">\n\t\t\t<div class=\"elementor-widget-wrap elementor-element-populated\">\n\t\t\t\t\t\t<div class=\"elementor-element elementor-element-3128c02d elementor-widget elementor-widget-heading\" data-id=\"3128c02d\" data-element_type=\"widget\" data-e-type=\"widget\" data-widget_type=\"heading.default\">\n\t\t\t\t<div class=\"elementor-widget-container\">\n\t\t\t\t\t<h1 class=\"elementor-heading-title elementor-size-default\">T\u00e9rminos y Condiciones<\/h1>\t\t\t\t<\/div>\n\t\t\t\t<\/div>\n\t\t\t\t\t<\/div>\n\t\t<\/div>\n\t\t\t\t\t<\/div>\n\t\t<\/section>\n\t\t\t\t<section class=\"elementor-section elementor-top-section elementor-element elementor-element-374a5059 elementor-section-boxed elementor-section-height-default elementor-section-height-default\" data-id=\"374a5059\" data-element_type=\"section\" data-e-type=\"section\">\n\t\t\t\t\t\t<div class=\"elementor-container elementor-column-gap-default\">\n\t\t\t\t\t<div class=\"elementor-column elementor-col-100 elementor-top-column elementor-element elementor-element-61c543aa\" data-id=\"61c543aa\" data-element_type=\"column\" data-e-type=\"column\">\n\t\t\t<div class=\"elementor-widget-wrap elementor-element-populated\">\n\t\t\t\t\t\t<div class=\"elementor-element elementor-element-1d9ca11 elementor-widget elementor-widget-text-editor\" data-id=\"1d9ca11\" data-element_type=\"widget\" data-e-type=\"widget\" data-widget_type=\"text-editor.default\">\n\t\t\t\t<div class=\"elementor-widget-container\">\n\t\t\t\t\t\t\t\t\t<h2><strong>T\u00e9rminos y Condiciones<\/strong><\/h2>\n<p>\u00a1Bienvenidos a Marruecos Tours Operador!<\/p>\n<p>Estos t\u00e9rminos y condiciones describen las reglas y regulaciones para el uso del sitio web del Operador de Tours de Marruecos, ubicado en https:\/\/moroccotoursoperator.com\/.<\/p>\n<p>Al acceder a este sitio web asumimos que acepta estos t\u00e9rminos y condiciones. No contin\u00fae utilizando Marruecos Tours Operador si no acepta todos los t\u00e9rminos y condiciones establecidos en esta p\u00e1gina.<\/p>\n<p>La siguiente terminolog\u00eda se aplica a estos T\u00e9rminos y condiciones, Declaraci\u00f3n de privacidad y Aviso de exenci\u00f3n de responsabilidad y a todos los Acuerdos: \u00abCliente\u00bb, \u00abUsted\u00bb y \u00abSu\u00bb se refieren a usted, la persona que inicia sesi\u00f3n en este sitio web y cumple con los t\u00e9rminos y condiciones de la Compa\u00f1\u00eda. \u00abLa Empresa\u00bb, \u00abNosotros\u00bb, \u00abNosotros\u00bb, \u00abNuestro\u00bb y \u00abNosotros\u00bb, se refieren a nuestra Empresa. \u00abParte\u00bb, \u00abPartes\u00bb o \u00abNosotros\u00bb se refieren tanto al Cliente como a nosotros mismos. Todos los t\u00e9rminos se refieren a la oferta, aceptaci\u00f3n y consideraci\u00f3n del pago necesario para llevar a cabo el proceso de nuestra asistencia al Cliente de la manera m\u00e1s adecuada con el prop\u00f3sito expreso de satisfacer las necesidades del Cliente con respecto a la prestaci\u00f3n de los servicios indicados por la Compa\u00f1\u00eda, de acuerdo con y sujeto a la legislaci\u00f3n vigente en los Pa\u00edses Bajos. Cualquier uso de la terminolog\u00eda anterior u otras palabras en singular, plural, may\u00fasculas y\/o \u00e9l\/ella o ellos, se toman como intercambiables y por lo tanto como referencia a las mismas.<\/p>\n<h3> <\/h3>\n<h3><strong>Galletas<\/strong><\/h3>\n<p>Nosotros empleamos el uso de cookies. Al acceder al Operador de Tours en Marruecos, usted acept\u00f3 utilizar cookies de acuerdo con la Pol\u00edtica de Privacidad del Operador de Tours en Marruecos.<\/p>\n<p>La mayor\u00eda de los sitios web interactivos utilizan cookies para permitirnos recuperar los detalles del usuario en cada visita. Nuestro sitio web utiliza cookies para habilitar la funcionalidad de ciertas \u00e1reas para que sea m\u00e1s f\u00e1cil para las personas que visitan nuestro sitio web. Algunos de nuestros socios afiliados\/publicitarios tambi\u00e9n pueden utilizar cookies.<\/p>\n<h3> <\/h3>\n<h3><strong>Licencia<\/strong><\/h3>\n<p>A menos que se indique lo contrario, Marruecos Tours Operador y\/o sus licenciantes poseen los derechos de propiedad intelectual de todo el material en Marruecos Tours Operador. Todos los derechos de propiedad intelectual est\u00e1n reservados. Puede acceder a esto desde Marruecos Tours Operador para su uso personal sujeto a las restricciones establecidas en estos t\u00e9rminos y condiciones.<\/p>\n<p>No debes:<\/p>\n<ul>\n<li>Republicar material del operador tur\u00edstico de Marruecos<\/li>\n<li>Vender, alquilar o sublicenciar material de Marruecos Tours Operador<\/li>\n<li>Reproducir, duplicar o copiar material del Operador de Tours en Marruecos<\/li>\n<li>Redistribuir contenido del operador tur\u00edstico de Marruecos<\/li>\n<\/ul>\n<p>Este Acuerdo comenzar\u00e1 en la fecha del presente.<\/p>\n<p>Partes de este sitio web ofrecen a los usuarios la oportunidad de publicar e intercambiar opiniones e informaci\u00f3n en determinadas \u00e1reas del sitio web. Marruecos Tours Operador no filtra, edita, publica ni revisa los Comentarios antes de su presencia en el sitio web. Los comentarios no reflejan los puntos de vista ni las opiniones del Operador de Tours en Marruecos, sus agentes y\/o afiliados. Los comentarios reflejan los puntos de vista y opiniones de la persona que publica sus puntos de vista y opiniones. En la medida permitida por las leyes aplicables, Marruecos Tours Operador no ser\u00e1 responsable de los Comentarios ni de ninguna responsabilidad, da\u00f1os o gastos causados y\/o sufridos como resultado de cualquier uso, publicaci\u00f3n y\/o apariencia de los Comentarios. en este sitio web.<\/p>\n<p>El Operador de Tours en Marruecos se reserva el derecho de monitorear todos los Comentarios y eliminar cualquier Comentario que pueda considerarse inapropiado, ofensivo o que infrinja estos T\u00e9rminos y condiciones.<\/p>\n<p>Usted garantiza y declara que:<\/p>\n<ul>\n<li>Tiene derecho a publicar Comentarios en nuestro sitio web y tiene todas las licencias y consentimientos necesarios para hacerlo;<\/li>\n<li>Los Comentarios no invaden ning\u00fan derecho de propiedad intelectual, incluidos, entre otros, derechos de autor, patentes o marcas comerciales de terceros;<\/li>\n<li>Los Comentarios no contienen ning\u00fan material difamatorio, calumnioso, ofensivo, indecente o ilegal que sea una invasi\u00f3n de la privacidad.<\/li>\n<li>Los Comentarios no se utilizar\u00e1n para solicitar o promover negocios o costumbres o presentar actividades comerciales o actividades ilegales.<\/li>\n<\/ul>\n<p>Por la presente, otorga a Marruecos Tours Operador una licencia no exclusiva para usar, reproducir, editar y autorizar a otros a usar, reproducir y editar cualquiera de sus Comentarios en todas y cada una de las formas, formatos o medios.<\/p>\n<h3> <\/h3>\n<h3><strong>Hiperv\u00ednculos a nuestro contenido<\/strong><\/h3>\n<p>Las siguientes organizaciones pueden vincularse a nuestro sitio web sin aprobaci\u00f3n previa por escrito:<\/p>\n<ul>\n<li>Agencias gubernamentales;<\/li>\n<li>Los motores de b\u00fasqueda;<\/li>\n<li>Organizaciones de noticias;<\/li>\n<li>Los distribuidores de directorios en l\u00ednea pueden vincularse a nuestro sitio web de la misma manera que lo hacen a los sitios web de otras empresas enumeradas; y<\/li>\n<li>Empresas acreditadas en todo el sistema, excepto aquellas que soliciten servicios a organizaciones sin fines de lucro, centros comerciales ben\u00e9ficos y grupos de recaudaci\u00f3n de fondos ben\u00e9ficos que no pueden tener hiperv\u00ednculos a nuestro sitio web.<\/li>\n<\/ul>\n<p>Estas organizaciones pueden vincularse a nuestra p\u00e1gina de inicio, a publicaciones u otra informaci\u00f3n del sitio web siempre que el enlace: (a) no es en absoluto enga\u00f1oso; (b) no implica falsamente patrocinio, respaldo o aprobaci\u00f3n de la parte vinculadora y sus productos y\/o servicios; y (c) encaja dentro del contexto del sitio de la parte vinculadora.<\/p>\n<p>Podemos considerar y aprobar otras solicitudes de enlaces de los siguientes tipos de organizaciones:<\/p>\n<ul>\n<li>fuentes de informaci\u00f3n com\u00fanmente conocidas sobre consumidores y\/o empresas;<\/li>\n<li>sitios comunitarios punto.com;<\/li>\n<li>asociaciones u otros grupos que representan organizaciones ben\u00e9ficas;<\/li>\n<li>distribuidores de directorios en l\u00ednea;<\/li>\n<li>portales de internet;<\/li>\n<li>firmas de contabilidad, derecho y consultor\u00eda; y<\/li>\n<li>instituciones educativas y asociaciones comerciales.<\/li>\n<\/ul>\n<p>Aprobaremos las solicitudes de enlaces de estas organizaciones si decidimos que: (a) el v\u00ednculo no nos har\u00eda vernos desfavorablemente a nosotros mismos o a nuestras empresas acreditadas; (b) la organizaci\u00f3n no tiene ning\u00fan registro negativo con nosotros; (c) el beneficio para nosotros de la visibilidad del hiperv\u00ednculo compensa la ausencia del Operador de Tours en Marruecos; y (d) el enlace est\u00e1 en el contexto de informaci\u00f3n general de recursos.<\/p>\n<p>Estas organizaciones pueden vincularse a nuestra p\u00e1gina de inicio siempre que el enlace: (a) no es en absoluto enga\u00f1oso; (b) no implica falsamente patrocinio, respaldo o aprobaci\u00f3n de la parte vinculadora y sus productos o servicios; y (c) encaja dentro del contexto del sitio de la parte vinculadora.<\/p>\n<p>Si usted es una de las organizaciones enumeradas en el p\u00e1rrafo 2 anterior y est\u00e1 interesado en vincularse a nuestro sitio web, debe informarnos enviando un correo electr\u00f3nico a Marruecos Tours Operador. Incluya su nombre, el nombre de su organizaci\u00f3n, informaci\u00f3n de contacto, as\u00ed como la URL de su sitio, una lista de las URL desde las que desea vincular a nuestro sitio web y una lista de las URL de nuestro sitio a las que le gustar\u00eda acceder. enlace. Espere de 2 a 3 semanas para recibir una respuesta.<\/p>\n<p>Las organizaciones aprobadas pueden hacer hiperv\u00ednculos a nuestro sitio web de la siguiente manera:<\/p>\n<ul>\n<li>Por el uso de nuestro nombre corporativo; o<\/li>\n<li>Mediante el uso del localizador uniforme de recursos al que se vincula; o<\/li>\n<li>Mediante el uso de cualquier otra descripci\u00f3n de nuestro sitio web al que se vincula que tenga sentido dentro del contexto y formato del contenido del sitio de la parte vinculadora.<\/li>\n<\/ul>\n<p>No se permitir\u00e1 el uso del logotipo de Marruecos Tours Operador u otras ilustraciones para vincular sin un acuerdo de licencia de marca registrada.<\/p>\n<h3> <\/h3>\n<h3><strong>iFrames<\/strong><\/h3>\n<p>Sin aprobaci\u00f3n previa y permiso por escrito, no puede crear marcos alrededor de nuestras p\u00e1ginas web que alteren de alguna manera la presentaci\u00f3n visual o la apariencia de nuestro sitio web.<\/p>\n<h3> <\/h3>\n<h3><strong>Responsabilidad del contenido<\/strong><\/h3>\n<p>No seremos responsables de ning\u00fan contenido que aparezca en su sitio web. Usted acepta protegernos y defendernos contra todos los reclamos que surjan en su sitio web. No deben aparecer enlaces en ning\u00fan sitio web que puedan interpretarse como difamatorios, obscenos o criminales, o que infrinjan, violen de otro modo o defiendan la infracci\u00f3n u otra violaci\u00f3n de derechos de terceros.<\/p>\n<h3> <\/h3>\n<h3><strong>Tu privacidad<\/strong><\/h3>\n<p>Por favor lea la Pol\u00edtica de Privacidad<\/p>\n<h3> <\/h3>\n<h3><strong>Reserva de Derechos<\/strong><\/h3>\n<p>Nos reservamos el derecho de solicitarle que elimine todos los enlaces o cualquier enlace en particular a nuestro sitio web. Usted aprueba eliminar inmediatamente todos los enlaces a nuestro sitio web si as\u00ed lo solicita. Tambi\u00e9n nos reservamos el derecho de modificar estos t\u00e9rminos y condiciones y su pol\u00edtica de vinculaci\u00f3n en cualquier momento. Al vincularse continuamente a nuestro sitio web, usted acepta estar sujeto y seguir estos t\u00e9rminos y condiciones de vinculaci\u00f3n.<\/p>\n<h3> <\/h3>\n<h3><strong>Eliminaci\u00f3n de enlaces de nuestro sitio web<\/strong><\/h3>\n<p>Si encuentra alg\u00fan enlace en nuestro sitio web que sea ofensivo por cualquier motivo, puede contactarnos e informarnos en cualquier momento. Consideraremos las solicitudes para eliminar enlaces, pero no estamos obligados a hacerlo ni a responderle directamente.<\/p>\n<p>No garantizamos que la informaci\u00f3n de este sitio web sea correcta, no garantizamos su integridad o exactitud; ni nos comprometemos a garantizar que el sitio web permanezca disponible o que el material del sitio web se mantenga actualizado.<\/p>\n<h3> <\/h3>\n<h3><strong>Descargo de responsabilidad<\/strong><\/h3>\n<p>En la medida m\u00e1xima permitida por la ley aplicable, excluimos todas las representaciones, garant\u00edas y condiciones relacionadas con nuestro sitio web y el uso de este sitio web. Nada en este descargo de responsabilidad:<\/p>\n<ul>\n<li>limitar o excluir nuestra o su responsabilidad por muerte o lesiones personales;<\/li>\n<li>limitar o excluir nuestra o su responsabilidad por fraude o tergiversaci\u00f3n fraudulenta;<\/li>\n<li>limitar cualquiera de nuestras responsabilidades o las suyas de cualquier forma que no est\u00e9 permitida por la ley aplicable; o<\/li>\n<li>excluir cualquiera de nuestras responsabilidades o las suyas que no puedan estar excluidas seg\u00fan la ley aplicable.<\/li>\n<\/ul>\n<p>Las limitaciones y prohibiciones de responsabilidad establecidas en esta Secci\u00f3n y en otras partes de este descargo de responsabilidad: (a) est\u00e1n sujetos al p\u00e1rrafo anterior; y (b) regir todas las responsabilidades que surjan bajo la exenci\u00f3n de responsabilidad, incluidas las responsabilidades que surjan en el contrato, en agravio y por incumplimiento del deber legal.<\/p>\n<p>Siempre que el sitio web y la informaci\u00f3n y los servicios del sitio web se proporcionen de forma gratuita, no seremos responsables de ninguna p\u00e9rdida o da\u00f1o de cualquier naturaleza.<\/p>\n\t\t\t\t\t\t\t\t<\/div>\n\t\t\t\t<\/div>\n\t\t\t\t\t<\/div>\n\t\t<\/div>\n\t\t\t\t\t<\/div>\n\t\t<\/section>\n\t\t\t\t<\/div>\n\t\t","protected":false},"excerpt":{"rendered":"<p>T\u00e9rminos y Condiciones T\u00e9rminos y Condiciones \u00a1Bienvenidos a Marruecos Tours Operador! Estos t\u00e9rminos y condiciones describen las reglas y regulaciones para el uso del sitio web del Operador de Tours de Marruecos, ubicado en https:\/\/moroccotoursoperator.com\/. Al acceder a este sitio web asumimos que acepta estos t\u00e9rminos y condiciones. No contin\u00fae utilizando Marruecos Tours Operador si [&hellip;]<\/p>\n","protected":false},"author":1,"featured_media":0,"parent":0,"menu_order":0,"comment_status":"closed","ping_status":"closed","template":"elementor_header_footer","meta":{"site-sidebar-layout":"no-sidebar","site-content-layout":"page-builder","ast-site-content-layout":"default","site-content-style":"default","site-sidebar-style":"default","ast-global-header-display":"","ast-banner-title-visibility":"","ast-main-header-display":"","ast-hfb-above-header-display":"","ast-hfb-below-header-display":"","ast-hfb-mobile-header-display":"","site-post-title":"disabled","ast-breadcrumbs-content":"","ast-featured-img":"disabled","footer-sml-layout":"","ast-disable-related-posts":"","theme-transparent-header-meta":"","adv-header-id-meta":"","stick-header-meta":"","header-above-stick-meta":"","header-main-stick-meta":"","header-below-stick-meta":"","astra-migrate-meta-layouts":"default","ast-page-background-enabled":"default","ast-page-background-meta":{"desktop":{"background-color":"var(--ast-global-color-4)","background-image":"","background-repeat":"repeat","background-position":"center center","background-size":"auto","background-attachment":"scroll","background-type":"","background-media":"","overlay-type":"","overlay-color":"","overlay-opacity":"","overlay-gradient":""},"tablet":{"background-color":"","background-image":"","background-repeat":"repeat","background-position":"center center","background-size":"auto","background-attachment":"scroll","background-type":"","background-media":"","overlay-type":"","overlay-color":"","overlay-opacity":"","overlay-gradient":""},"mobile":{"background-color":"","background-image":"","background-repeat":"repeat","background-position":"center center","background-size":"auto","background-attachment":"scroll","background-type":"","background-media":"","overlay-type":"","overlay-color":"","overlay-opacity":"","overlay-gradient":""}},"ast-content-background-meta":{"desktop":{"background-color":"var(--ast-global-color-5)","background-image":"","background-repeat":"repeat","background-position":"center center","background-size":"auto","background-attachment":"scroll","background-type":"","background-media":"","overlay-type":"","overlay-color":"","overlay-opacity":"","overlay-gradient":""},"tablet":{"background-color":"var(--ast-global-color-5)","background-image":"","background-repeat":"repeat","background-position":"center center","background-size":"auto","background-attachment":"scroll","background-type":"","background-media":"","overlay-type":"","overlay-color":"","overlay-opacity":"","overlay-gradient":""},"mobile":{"background-color":"var(--ast-global-color-5)","background-image":"","background-repeat":"repeat","background-position":"center center","background-size":"auto","background-attachment":"scroll","background-type":"","background-media":"","overlay-type":"","overlay-color":"","overlay-opacity":"","overlay-gradient":""}},"_joinchat":[],"footnotes":""},"class_list":["post-9384","page","type-page","status-publish","hentry"],"_links":{"self":[{"href":"https:\/\/moroccotoursoperator.com\/es\/wp-json\/wp\/v2\/pages\/9384","targetHints":{"allow":["GET"]}}],"collection":[{"href":"https:\/\/moroccotoursoperator.com\/es\/wp-json\/wp\/v2\/pages"}],"about":[{"href":"https:\/\/moroccotoursoperator.com\/es\/wp-json\/wp\/v2\/types\/page"}],"author":[{"embeddable":true,"href":"https:\/\/moroccotoursoperator.com\/es\/wp-json\/wp\/v2\/users\/1"}],"replies":[{"embeddable":true,"href":"https:\/\/moroccotoursoperator.com\/es\/wp-json\/wp\/v2\/comments?post=9384"}],"version-history":[{"count":0,"href":"https:\/\/moroccotoursoperator.com\/es\/wp-json\/wp\/v2\/pages\/9384\/revisions"}],"wp:attachment":[{"href":"https:\/\/moroccotoursoperator.com\/es\/wp-json\/wp\/v2\/media?parent=9384"}],"curies":[{"name":"wp","href":"https:\/\/api.w.org\/{rel}","templated":true}]}}